{"id":8772,"date":"2026-01-21T09:43:57","date_gmt":"2026-01-21T08:43:57","guid":{"rendered":"https:\/\/lanouvellegarde.com\/?page_id=8772"},"modified":"2026-03-09T11:17:38","modified_gmt":"2026-03-09T10:17:38","slug":"brasserie-olivia","status":"publish","type":"page","link":"https:\/\/lanouvellegarde.com\/fr\/brasserie-olivia\/","title":{"rendered":"Brasserie Olivia"},"content":{"rendered":"\t\t<div data-elementor-type=\"wp-page\" data-elementor-id=\"8772\" class=\"elementor elementor-8772\" data-elementor-post-type=\"page\">\n\t\t\t\t\t\t<section class=\"elementor-section elementor-top-section elementor-element elementor-element-eb34782 elementor-section-full_width elementor-section-height-default elementor-section-height-default\" data-id=\"eb34782\" data-element_type=\"section\" data-settings=\"{&quot;background_background&quot;:&quot;classic&quot;}\">\n\t\t\t\t\t\t<div class=\"elementor-container elementor-column-gap-default\">\n\t\t\t\t\t<div class=\"elementor-column elementor-col-100 elementor-top-column elementor-element elementor-element-2d9601f\" data-id=\"2d9601f\" data-element_type=\"column\">\n\t\t\t<div class=\"elementor-widget-wrap elementor-element-populated\">\n\t\t\t\t\t\t<div class=\"elementor-element elementor-element-b91dce0 elementor-widget elementor-widget-image\" data-id=\"b91dce0\" data-element_type=\"widget\" data-widget_type=\"image.default\">\n\t\t\t\t<div class=\"elementor-widget-container\">\n\t\t\t\t\t\t\t\t\t\t\t\t\t\t\t<img fetchpriority=\"high\" decoding=\"async\" width=\"1280\" height=\"997\" src=\"https:\/\/lanouvellegarde.com\/wp-content\/uploads\/Brasserie-Olivia-10.png\" class=\"attachment-full size-full wp-image-8839\" alt=\"\" srcset=\"https:\/\/lanouvellegarde.com\/wp-content\/uploads\/Brasserie-Olivia-10.png 1280w, https:\/\/lanouvellegarde.com\/wp-content\/uploads\/Brasserie-Olivia-10-300x234.png 300w, https:\/\/lanouvellegarde.com\/wp-content\/uploads\/Brasserie-Olivia-10-1024x798.png 1024w, https:\/\/lanouvellegarde.com\/wp-content\/uploads\/Brasserie-Olivia-10-768x598.png 768w, https:\/\/lanouvellegarde.com\/wp-content\/uploads\/Brasserie-Olivia-10-15x12.png 15w\" sizes=\"(max-width: 1280px) 100vw, 1280px\" \/>\t\t\t\t\t\t\t\t\t\t\t\t\t\t\t<\/div>\n\t\t\t\t<\/div>\n\t\t\t\t<div class=\"elementor-element elementor-element-e1f9443 elementor-widget__width-initial elementor-widget elementor-widget-text-editor\" data-id=\"e1f9443\" data-element_type=\"widget\" data-widget_type=\"text-editor.default\">\n\t\t\t\t<div class=\"elementor-widget-container\">\n\t\t\t\t\t\t\t\t\t<p><span dir=\"ltr\" role=\"presentation\">La Brasserie Olivia ouvrira \u00e0 Londres au<strong> printemps\/\u00e9t\u00e9 2026.<\/strong> Fid\u00e8le \u00e0 l\u2019esprit des tables <\/span><span dir=\"ltr\" role=\"presentation\">fran\u00e7aises, elle d\u00e9fend une <strong>cuisine g\u00e9n\u00e9reuse, locale et faite maison, le go\u00fbt des produits bien <\/strong><\/span><span dir=\"ltr\" role=\"presentation\"><strong>travaill\u00e9s, et le<\/strong> <strong>plaisir simple de boire et manger <\/strong><\/span><strong><span dir=\"ltr\" role=\"presentation\">ensemble.<\/span><\/strong><\/p><p><span dir=\"ltr\" role=\"presentation\"><br \/><\/span><span dir=\"ltr\" role=\"presentation\">Install\u00e9e <strong>au c\u0153ur du quartier de Chelsea<\/strong>, elle invite \u00e0 prolonger le plaisir \u00e0 table : longs d\u00e9jeuners <\/span><span dir=\"ltr\" role=\"presentation\">qui d\u00e9bordent, d\u00eeners qui s\u2019\u00e9tirent, verres qui s\u2019encha\u00eenent jusqu\u2019au bout de la nuit. <\/span><span dir=\"ltr\" role=\"presentation\">Dans l\u2019esprit des <strong>grandes brasseries parisiennes<\/strong>, port\u00e9e par l\u2019\u00e9lan contemporain de<strong> La Nouvelle <\/strong><\/span><span dir=\"ltr\" role=\"presentation\"><strong>Garde<\/strong>, cette nouvelle maison londonienne <em><strong>c\u00e9l\u00e8bre une certaine id\u00e9e de l\u2019art de <\/strong><\/em><\/span><em><strong><span dir=\"ltr\" role=\"presentation\">boire et manger \u00e0 la fran\u00e7aise: vivant, joyeux et profond\u00e9ment convivial.<\/span><\/strong><\/em><\/p>\t\t\t\t\t\t\t\t<\/div>\n\t\t\t\t<\/div>\n\t\t<div class=\"elementor-element elementor-element-24e5e0f e-flex e-con-boxed e-con e-parent\" data-id=\"24e5e0f\" data-element_type=\"container\">\n\t\t\t\t\t<div class=\"e-con-inner\">\n\t\t<div class=\"elementor-element elementor-element-89b6aeb e-grid e-con-full e-con e-child\" data-id=\"89b6aeb\" data-element_type=\"container\" data-settings=\"{&quot;background_background&quot;:&quot;classic&quot;}\">\n\t\t\t\t<div class=\"elementor-element elementor-element-ef9e244 elementor-widget elementor-widget-text-editor\" data-id=\"ef9e244\" data-element_type=\"widget\" data-widget_type=\"text-editor.default\">\n\t\t\t\t<div class=\"elementor-widget-container\">\n\t\t\t\t\t\t\t\t\t<p class=\"p1\"><strong><span dir=\"ltr\" role=\"presentation\">Notre Newsletter :\u00a0<\/span><\/strong><\/p><p>Si vous voulez \u00eatre tenu au courant de notre aventure londonienne (ouverture, acc\u00e8s en avant-premi\u00e8re etc.) inscrivez-vous !<\/p>\t\t\t\t\t\t\t\t<\/div>\n\t\t\t\t<\/div>\n\t\t\t\t<div class=\"elementor-element elementor-element-6951260 elementor-widget elementor-widget-image\" data-id=\"6951260\" data-element_type=\"widget\" data-widget_type=\"image.default\">\n\t\t\t\t<div class=\"elementor-widget-container\">\n\t\t\t\t\t\t\t\t\t\t\t\t\t\t\t<img decoding=\"async\" width=\"1450\" height=\"1196\" src=\"https:\/\/lanouvellegarde.com\/wp-content\/uploads\/Embleme-Olivia.png\" class=\"attachment-full size-full wp-image-9207\" alt=\"\" srcset=\"https:\/\/lanouvellegarde.com\/wp-content\/uploads\/Embleme-Olivia.png 1450w, https:\/\/lanouvellegarde.com\/wp-content\/uploads\/Embleme-Olivia-300x247.png 300w, https:\/\/lanouvellegarde.com\/wp-content\/uploads\/Embleme-Olivia-1024x845.png 1024w, https:\/\/lanouvellegarde.com\/wp-content\/uploads\/Embleme-Olivia-768x633.png 768w, https:\/\/lanouvellegarde.com\/wp-content\/uploads\/Embleme-Olivia-15x12.png 15w\" sizes=\"(max-width: 1450px) 100vw, 1450px\" \/>\t\t\t\t\t\t\t\t\t\t\t\t\t\t\t<\/div>\n\t\t\t\t<\/div>\n\t\t\t\t<div class=\"elementor-element elementor-element-3917eff elementor-widget__width-initial elementor-button-align-stretch elementor-widget elementor-widget-form\" data-id=\"3917eff\" data-element_type=\"widget\" data-settings=\"{&quot;step_next_label&quot;:&quot;Suivant&quot;,&quot;step_previous_label&quot;:&quot;Pr\\u00e9c\\u00e9dent&quot;,&quot;button_width&quot;:&quot;100&quot;,&quot;step_type&quot;:&quot;number_text&quot;,&quot;step_icon_shape&quot;:&quot;circle&quot;}\" data-widget_type=\"form.default\">\n\t\t\t\t<div class=\"elementor-widget-container\">\n\t\t\t\t\t\t\t<form class=\"elementor-form\" method=\"post\" name=\"form-olivia\" aria-label=\"form-olivia\">\n\t\t\t<input type=\"hidden\" name=\"post_id\" value=\"8772\"\/>\n\t\t\t<input type=\"hidden\" name=\"form_id\" value=\"3917eff\"\/>\n\t\t\t<input type=\"hidden\" name=\"referer_title\" value=\"Brasserie Olivia - La Nouvelle Garde\" \/>\n\n\t\t\t\t\t\t\t<input type=\"hidden\" name=\"queried_id\" value=\"8772\"\/>\n\t\t\t\n\t\t\t<div class=\"elementor-form-fields-wrapper elementor-labels-\">\n\t\t\t\t\t\t\t\t<div class=\"elementor-field-type-email elementor-field-group elementor-column elementor-field-group-mail elementor-col-100\">\n\t\t\t\t\t\t\t\t\t\t\t\t<label for=\"form-field-mail\" class=\"elementor-field-label elementor-screen-only\">\n\t\t\t\t\t\t\t\tE-mail\t\t\t\t\t\t\t<\/label>\n\t\t\t\t\t\t\t\t\t\t\t\t\t\t<input size=\"1\" type=\"email\" name=\"form_fields[mail]\" id=\"form-field-mail\" class=\"elementor-field elementor-size-sm  elementor-field-textual\">\n\t\t\t\t\t\t\t\t\t\t\t<\/div>\n\t\t\t\t\t\t\t\t<div class=\"elementor-field-group elementor-column elementor-field-type-submit elementor-col-100 e-form__buttons\">\n\t\t\t\t\t<button class=\"elementor-button elementor-size-sm\" type=\"submit\">\n\t\t\t\t\t\t<span class=\"elementor-button-content-wrapper\">\n\t\t\t\t\t\t\t\t\t\t\t\t\t\t\t\t\t\t\t\t\t\t<span class=\"elementor-button-text\">Subscribe<\/span>\n\t\t\t\t\t\t\t\t\t\t\t\t\t<\/span>\n\t\t\t\t\t<\/button>\n\t\t\t\t<\/div>\n\t\t\t<\/div>\n\t\t<\/form>\n\t\t\t\t\t\t<\/div>\n\t\t\t\t<\/div>\n\t\t\t\t<\/div>\n\t\t<div class=\"elementor-element elementor-element-da6a040 e-con-full e-flex e-con e-child\" data-id=\"da6a040\" data-element_type=\"container\">\n\t\t\t\t<div class=\"elementor-element elementor-element-a4de4ac elementor-widget elementor-widget-image\" data-id=\"a4de4ac\" data-element_type=\"widget\" data-widget_type=\"image.default\">\n\t\t\t\t<div class=\"elementor-widget-container\">\n\t\t\t\t\t\t\t\t\t\t\t\t\t\t\t<img decoding=\"async\" width=\"1280\" height=\"338\" src=\"https:\/\/lanouvellegarde.com\/wp-content\/uploads\/landing-page-Olivia-Recupere-03.png\" class=\"attachment-full size-full wp-image-8841\" alt=\"\" srcset=\"https:\/\/lanouvellegarde.com\/wp-content\/uploads\/landing-page-Olivia-Recupere-03.png 1280w, https:\/\/lanouvellegarde.com\/wp-content\/uploads\/landing-page-Olivia-Recupere-03-300x79.png 300w, https:\/\/lanouvellegarde.com\/wp-content\/uploads\/landing-page-Olivia-Recupere-03-1024x270.png 1024w, https:\/\/lanouvellegarde.com\/wp-content\/uploads\/landing-page-Olivia-Recupere-03-768x203.png 768w, https:\/\/lanouvellegarde.com\/wp-content\/uploads\/landing-page-Olivia-Recupere-03-18x5.png 18w\" sizes=\"(max-width: 1280px) 100vw, 1280px\" \/>\t\t\t\t\t\t\t\t\t\t\t\t\t\t\t<\/div>\n\t\t\t\t<\/div>\n\t\t\t\t<\/div>\n\t\t<div class=\"elementor-element elementor-element-5558a6b e-grid e-con-full e-con e-child\" data-id=\"5558a6b\" data-element_type=\"container\">\n\t\t\t\t<div class=\"elementor-element elementor-element-52461ac elementor-widget elementor-widget-image\" data-id=\"52461ac\" data-element_type=\"widget\" data-widget_type=\"image.default\">\n\t\t\t\t<div class=\"elementor-widget-container\">\n\t\t\t\t\t\t\t\t\t\t\t\t\t\t\t<img loading=\"lazy\" decoding=\"async\" width=\"746\" height=\"1024\" src=\"https:\/\/lanouvellegarde.com\/wp-content\/uploads\/carte-olivia-746x1024.png\" class=\"attachment-large size-large wp-image-8840\" alt=\"\" srcset=\"https:\/\/lanouvellegarde.com\/wp-content\/uploads\/carte-olivia-746x1024.png 746w, https:\/\/lanouvellegarde.com\/wp-content\/uploads\/carte-olivia-218x300.png 218w, https:\/\/lanouvellegarde.com\/wp-content\/uploads\/carte-olivia-768x1055.png 768w, https:\/\/lanouvellegarde.com\/wp-content\/uploads\/carte-olivia-1119x1536.png 1119w, https:\/\/lanouvellegarde.com\/wp-content\/uploads\/carte-olivia-1491x2048.png 1491w, https:\/\/lanouvellegarde.com\/wp-content\/uploads\/carte-olivia-9x12.png 9w, https:\/\/lanouvellegarde.com\/wp-content\/uploads\/carte-olivia-scaled.png 1864w\" sizes=\"(max-width: 746px) 100vw, 746px\" \/>\t\t\t\t\t\t\t\t\t\t\t\t\t\t\t<\/div>\n\t\t\t\t<\/div>\n\t\t\t\t<div class=\"elementor-element elementor-element-1f6cc93 elementor-widget elementor-widget-text-editor\" data-id=\"1f6cc93\" data-element_type=\"widget\" data-widget_type=\"text-editor.default\">\n\t\t\t\t<div class=\"elementor-widget-container\">\n\t\t\t\t\t\t\t\t\t<p class=\"p1\"><strong>VOUS POURREZ BIENT\u00d4T Y D\u00c9GUSTER<br \/><span dir=\"ltr\" role=\"presentation\">L&rsquo;esprit de la brasserie \u00e0 la fran\u00e7aise<\/span><\/strong><\/p><p class=\"p1\">Grands classiques de la brasserie<\/p><p class=\"p1\">Cuisine de saison faite maison<\/p><p class=\"p1\">Produits de saison, sourc\u00e9s localement<\/p><p class=\"p1\">Un \u00e9crin plein de caract\u00e8re<\/p><p class=\"p1\">Cocktails \u00e0 siroter toute la journ\u00e9e<\/p><p class=\"p1\">Un \u00e9cailler<\/p><p data-start=\"161\" data-end=\"427\"><span dir=\"ltr\" role=\"presentation\">180 places assises \u00e0 l&rsquo;int\u00e9rieur, 70 \u00e0 l&rsquo;ext\u00e9rieur. <\/span><span dir=\"ltr\" role=\"presentation\">Une charmante terrasse avec vue sur Sloane Square<\/span><\/p><p class=\"p1\"><strong>OUVERT TOUS LES JOURS<br \/><\/strong>Du petit d\u00e9jeuner aux late night cocktails<\/p><p><strong>BRASSERIE OLIVIA<\/strong><br \/>1 SLOANE SQUARE &#8211; CHELSEA, LONDON<br \/><strong><br \/><\/strong><\/p><p class=\"p1\"><strong>Suivez nos nouvelles aventures british sur @lanouvellegarde\u00a0<\/strong><\/p>\t\t\t\t\t\t\t\t<\/div>\n\t\t\t\t<\/div>\n\t\t\t\t<\/div>\n\t\t\t\t\t<\/div>\n\t\t\t\t<\/div>\n\t\t\t\t<div class=\"elementor-element elementor-element-caa7cca elementor-widget__width-initial elementor-widget elementor-widget-text-editor\" data-id=\"caa7cca\" data-element_type=\"widget\" data-widget_type=\"text-editor.default\">\n\t\t\t\t<div class=\"elementor-widget-container\">\n\t\t\t\t\t\t\t\t\t<p><strong>Victor &amp; Charly<\/strong>, \u00e0 l&rsquo;origine de La Nouvelle Garde, se retrouvent autour d\u2019un m\u00eame constat : celui qu\u2019aucune autre institution n\u2019a jamais r\u00e9ussi \u00e0 si bien exprimer l\u2019art de vivre \u00e0 la fran\u00e7aise que les brasseries traditionnelles.<\/p><p>Or les brasseries Nouvelle Garde ne sont pas des troquets hors d\u2019\u00e2ge mais les <strong>institutions vibrantes<\/strong>, o\u00f9 la vie parisienne vient s\u2019\u00e9chouer midi et soir.<\/p><p>Et pour cause : ballet des cuisines ouvertes, <strong>cuisine fid\u00e8le aux incontournables des brasseries parisiennes<\/strong> (mais non sans panache et \u00e0 prix sage), atmosph\u00e8re grisante, d\u00e9co qui flirte avec le charme du Paris d\u2019autrefois, vins et spiritueux en VF, le tout ambianc\u00e9 par des passionn\u00e9s du m\u00e9tier.<\/p>\t\t\t\t\t\t\t\t<\/div>\n\t\t\t\t<\/div>\n\t\t\t\t\t<\/div>\n\t\t<\/div>\n\t\t\t\t\t<\/div>\n\t\t<\/section>\n\t\t\t\t<\/div>\n\t\t","protected":false},"excerpt":{"rendered":"<p>La Brasserie Olivia ouvrira \u00e0 Londres au printemps\/\u00e9t\u00e9 2026. Fid\u00e8le \u00e0 l\u2019esprit des tables fran\u00e7aises, elle d\u00e9fend une cuisine g\u00e9n\u00e9reuse, locale et faite maison, le go\u00fbt des produits bien travaill\u00e9s, et le plaisir simple de boire et manger ensemble. Install\u00e9e au c\u0153ur du quartier de Chelsea, elle invite \u00e0 prolonger le plaisir \u00e0 table : [&hellip;]<\/p>\n","protected":false},"author":2,"featured_media":0,"parent":0,"menu_order":0,"comment_status":"closed","ping_status":"closed","template":"","meta":{"content-type":"","footnotes":""},"class_list":["post-8772","page","type-page","status-publish","hentry"],"_links":{"self":[{"href":"https:\/\/lanouvellegarde.com\/fr\/wp-json\/wp\/v2\/pages\/8772","targetHints":{"allow":["GET"]}}],"collection":[{"href":"https:\/\/lanouvellegarde.com\/fr\/wp-json\/wp\/v2\/pages"}],"about":[{"href":"https:\/\/lanouvellegarde.com\/fr\/wp-json\/wp\/v2\/types\/page"}],"author":[{"embeddable":true,"href":"https:\/\/lanouvellegarde.com\/fr\/wp-json\/wp\/v2\/users\/2"}],"replies":[{"embeddable":true,"href":"https:\/\/lanouvellegarde.com\/fr\/wp-json\/wp\/v2\/comments?post=8772"}],"version-history":[{"count":0,"href":"https:\/\/lanouvellegarde.com\/fr\/wp-json\/wp\/v2\/pages\/8772\/revisions"}],"wp:attachment":[{"href":"https:\/\/lanouvellegarde.com\/fr\/wp-json\/wp\/v2\/media?parent=8772"}],"curies":[{"name":"wp","href":"https:\/\/api.w.org\/{rel}","templated":true}]}}