{"id":5984,"date":"2024-09-06T17:44:10","date_gmt":"2024-09-06T15:44:10","guid":{"rendered":"https:\/\/lanouvellegarde.com\/?page_id=5984"},"modified":"2026-03-16T17:36:05","modified_gmt":"2026-03-16T16:36:05","slug":"livre-cuisine-de-brasserie","status":"publish","type":"page","link":"https:\/\/lanouvellegarde.com\/fr\/livre-cuisine-de-brasserie\/","title":{"rendered":"Livre Cuisine de Brasserie"},"content":{"rendered":"\t\t<div data-elementor-type=\"wp-page\" data-elementor-id=\"5984\" class=\"elementor elementor-5984\" data-elementor-post-type=\"page\">\n\t\t\t\t\t\t<section class=\"elementor-section elementor-top-section elementor-element elementor-element-55471e1 elementor-section-boxed elementor-section-height-default elementor-section-height-default\" data-id=\"55471e1\" data-element_type=\"section\" data-settings=\"{&quot;background_background&quot;:&quot;classic&quot;}\">\n\t\t\t\t\t\t<div class=\"elementor-container elementor-column-gap-default\">\n\t\t\t\t\t<div class=\"elementor-column elementor-col-100 elementor-top-column elementor-element elementor-element-4562008\" data-id=\"4562008\" data-element_type=\"column\">\n\t\t\t<div class=\"elementor-widget-wrap elementor-element-populated\">\n\t\t\t\t\t\t<div class=\"elementor-element elementor-element-a30325b elementor-widget elementor-widget-image\" data-id=\"a30325b\" data-element_type=\"widget\" data-widget_type=\"image.default\">\n\t\t\t\t<div class=\"elementor-widget-container\">\n\t\t\t\t\t\t\t\t\t\t\t\t\t\t\t<img fetchpriority=\"high\" decoding=\"async\" width=\"1234\" height=\"1033\" src=\"https:\/\/lanouvellegarde.com\/wp-content\/uploads\/Page-site2_03.gif\" class=\"attachment-full size-full wp-image-5997\" alt=\"pop up livre 1\" \/>\t\t\t\t\t\t\t\t\t\t\t\t\t\t\t<\/div>\n\t\t\t\t<\/div>\n\t\t\t\t<div class=\"elementor-element elementor-element-1101e31 elementor-widget elementor-widget-text-editor\" data-id=\"1101e31\" data-element_type=\"widget\" data-widget_type=\"text-editor.default\">\n\t\t\t\t<div class=\"elementor-widget-container\">\n\t\t\t\t\t\t\t\t\t<p>On est super heureux de vous servir notre\u00a0<em><strong>premier bouquin <\/strong><\/em>:\u00a0<strong>Cuisine de Brasserie.<\/strong>\u00a0<br \/>Nous avons mis du coeur \u00e0 l\u2019ouvrage pour vous pr\u00e9parer un\u00a0<em><strong>livre de recettes<\/strong><\/em>\u00a0\u00e0 notre image qui rec\u00e8le<em><strong>\u00a0plus de 70 recettes et quelques bonnes anecdotes.<\/strong><\/em> On esp\u00e8re que ce livre vous donnera\u00a0<em><strong>envie de cuisiner<\/strong><\/em>\u00a0puis de vous\u00a0<em><strong>attabler chez vous, comme chez nous !<\/strong><\/em><\/p><div class=\"c-message_kit__blocks c-message_kit__blocks--rich_text\"><div class=\"c-message__message_blocks c-message__message_blocks--rich_text\" data-qa=\"message-text\"><div class=\"p-block_kit_renderer\" data-qa=\"block-kit-renderer\"><div class=\"p-block_kit_renderer__block_wrapper p-block_kit_renderer__block_wrapper--first\"><div class=\"p-rich_text_block\" dir=\"auto\"><div class=\"p-rich_text_section\"><b data-stringify-type=\"bold\">Il est disponible dans toutes les brasseries de la Nouvelle Garde et partout ailleurs<\/b>\u00a0<b data-stringify-type=\"bold\">en librairie, \u00e0 la Fnac ou bien en ligne sur de nombreuses marketplace.<\/b><\/div><\/div><\/div><\/div><\/div><\/div><div class=\"c-message_kit__reaction_bar c-reaction_bar c-reaction_bar--collapsed\" role=\"group\" data-qa=\"reaction_bar\" aria-label=\"R\u00e9actions\" data-stringify-ignore=\"true\">\u00a0<\/div>\t\t\t\t\t\t\t\t<\/div>\n\t\t\t\t<\/div>\n\t\t\t\t<div class=\"elementor-element elementor-element-51e4e08 elementor-align-center elementor-widget elementor-widget-button\" data-id=\"51e4e08\" data-element_type=\"widget\" data-widget_type=\"button.default\">\n\t\t\t\t<div class=\"elementor-widget-container\">\n\t\t\t\t\t\t\t\t\t<div class=\"elementor-button-wrapper\">\n\t\t\t\t\t<a class=\"elementor-button elementor-button-link elementor-size-sm\" href=\"https:\/\/www.marabout.com\/livre\/cuisine-de-brasserie-9782501188326\/\" target=\"_blank\" rel=\"nofollow\">\n\t\t\t\t\t\t<span class=\"elementor-button-content-wrapper\">\n\t\t\t\t\t\t\t\t\t<span class=\"elementor-button-text\">Par Ici la commande !<\/span>\n\t\t\t\t\t<\/span>\n\t\t\t\t\t<\/a>\n\t\t\t\t<\/div>\n\t\t\t\t\t\t\t\t<\/div>\n\t\t\t\t<\/div>\n\t\t\t\t\t<\/div>\n\t\t<\/div>\n\t\t\t\t\t<\/div>\n\t\t<\/section>\n\t\t\t\t<section class=\"elementor-section elementor-top-section elementor-element elementor-element-7ceac27 elementor-section-boxed elementor-section-height-default elementor-section-height-default\" data-id=\"7ceac27\" data-element_type=\"section\" data-settings=\"{&quot;background_background&quot;:&quot;classic&quot;}\">\n\t\t\t\t\t\t<div class=\"elementor-container elementor-column-gap-default\">\n\t\t\t\t\t<div class=\"elementor-column elementor-col-100 elementor-top-column elementor-element elementor-element-11f25dc\" data-id=\"11f25dc\" data-element_type=\"column\">\n\t\t\t<div class=\"elementor-widget-wrap elementor-element-populated\">\n\t\t\t\t\t\t<div class=\"elementor-element elementor-element-ecc264b elementor-widget elementor-widget-text-editor\" data-id=\"ecc264b\" data-element_type=\"widget\" data-widget_type=\"text-editor.default\">\n\t\t\t\t<div class=\"elementor-widget-container\">\n\t\t\t\t\t\t\t\t\t<p><em><strong>Poireaux vinaigrette, saucisse-pur\u00e9e, paris-brest<\/strong><\/em>, vous y retrouverez bien \u00e9videmment tous les <em><strong>iconiques plats de nos brasseries<\/strong><\/em>\u00a0que vous aimez tant. <br \/>Puis vous d\u00e9couvrirez \u00a0d&rsquo;autres\u00a0<em><strong>grands classiques de la cuisine fran\u00e7aise qui nous rendent fiers de notre terroir et patrimoine<\/strong><\/em>\u00a0comme\u00a0<em><strong>l\u2019\u0153uf meurette, la blanquette de veau, la carbonnade flamande ou encore la tarte Bourdaloue.\u00a0<\/strong><\/em><\/p>\t\t\t\t\t\t\t\t<\/div>\n\t\t\t\t<\/div>\n\t\t\t\t<div class=\"elementor-element elementor-element-ba869f5 elementor-widget elementor-widget-image\" data-id=\"ba869f5\" data-element_type=\"widget\" data-widget_type=\"image.default\">\n\t\t\t\t<div class=\"elementor-widget-container\">\n\t\t\t\t\t\t\t\t\t\t\t\t\t\t\t\t<a href=\"https:\/\/www.marabout.com\/livre\/cuisine-de-brasserie-9782501188326\/\" target=\"_blank\" rel=\"nofollow\">\n\t\t\t\t\t\t\t<img decoding=\"async\" width=\"1234\" height=\"287\" src=\"https:\/\/lanouvellegarde.com\/wp-content\/uploads\/Page-site6_05.png\" class=\"attachment-full size-full wp-image-5999\" alt=\"pop up livre 3\" srcset=\"https:\/\/lanouvellegarde.com\/wp-content\/uploads\/Page-site6_05.png 1234w, https:\/\/lanouvellegarde.com\/wp-content\/uploads\/Page-site6_05-300x70.png 300w, https:\/\/lanouvellegarde.com\/wp-content\/uploads\/Page-site6_05-1024x238.png 1024w, https:\/\/lanouvellegarde.com\/wp-content\/uploads\/Page-site6_05-768x179.png 768w, https:\/\/lanouvellegarde.com\/wp-content\/uploads\/Page-site6_05-18x4.png 18w\" sizes=\"(max-width: 1234px) 100vw, 1234px\" \/>\t\t\t\t\t\t\t\t<\/a>\n\t\t\t\t\t\t\t\t\t\t\t\t\t\t\t<\/div>\n\t\t\t\t<\/div>\n\t\t\t\t<div class=\"elementor-element elementor-element-f27718a elementor-widget elementor-widget-image\" data-id=\"f27718a\" data-element_type=\"widget\" data-widget_type=\"image.default\">\n\t\t\t\t<div class=\"elementor-widget-container\">\n\t\t\t\t\t\t\t\t\t\t\t\t\t\t\t<img decoding=\"async\" width=\"1234\" height=\"743\" src=\"https:\/\/lanouvellegarde.com\/wp-content\/uploads\/Page-site6_07.gif\" class=\"attachment-full size-full wp-image-6000\" alt=\"pop up livre 5\" \/>\t\t\t\t\t\t\t\t\t\t\t\t\t\t\t<\/div>\n\t\t\t\t<\/div>\n\t\t\t\t\t<\/div>\n\t\t<\/div>\n\t\t\t\t\t<\/div>\n\t\t<\/section>\n\t\t\t\t<section class=\"elementor-section elementor-top-section elementor-element elementor-element-8f90779 elementor-section-boxed elementor-section-height-default elementor-section-height-default\" data-id=\"8f90779\" data-element_type=\"section\" data-settings=\"{&quot;background_background&quot;:&quot;classic&quot;}\">\n\t\t\t\t\t\t<div class=\"elementor-container elementor-column-gap-default\">\n\t\t\t\t\t<div class=\"elementor-column elementor-col-100 elementor-top-column elementor-element elementor-element-8d90232\" data-id=\"8d90232\" data-element_type=\"column\">\n\t\t\t<div class=\"elementor-widget-wrap elementor-element-populated\">\n\t\t\t\t\t\t<div class=\"elementor-element elementor-element-d5e60ba elementor-widget elementor-widget-image\" data-id=\"d5e60ba\" data-element_type=\"widget\" data-widget_type=\"image.default\">\n\t\t\t\t<div class=\"elementor-widget-container\">\n\t\t\t\t\t\t\t\t\t\t\t\t\t\t\t<img loading=\"lazy\" decoding=\"async\" width=\"1234\" height=\"245\" src=\"https:\/\/lanouvellegarde.com\/wp-content\/uploads\/SIte_08.png\" class=\"attachment-full size-full wp-image-6002\" alt=\"pop up livre 7\" srcset=\"https:\/\/lanouvellegarde.com\/wp-content\/uploads\/SIte_08.png 1234w, https:\/\/lanouvellegarde.com\/wp-content\/uploads\/SIte_08-300x60.png 300w, https:\/\/lanouvellegarde.com\/wp-content\/uploads\/SIte_08-1024x203.png 1024w, https:\/\/lanouvellegarde.com\/wp-content\/uploads\/SIte_08-768x152.png 768w, https:\/\/lanouvellegarde.com\/wp-content\/uploads\/SIte_08-18x4.png 18w\" sizes=\"(max-width: 1234px) 100vw, 1234px\" \/>\t\t\t\t\t\t\t\t\t\t\t\t\t\t\t<\/div>\n\t\t\t\t<\/div>\n\t\t\t\t<div class=\"elementor-element elementor-element-1516da9 elementor-widget elementor-widget-text-editor\" data-id=\"1516da9\" data-element_type=\"widget\" data-widget_type=\"text-editor.default\">\n\t\t\t\t<div class=\"elementor-widget-container\">\n\t\t\t\t\t\t\t\t\t<p>Entre deux recettes, se faufilent de\u00a0<strong>tr\u00e9pidantes anecdotes culinaires<\/strong>, histoire d\u2019\u00e9taler sa culture fi\u00e8rement \u00e0 table : <br \/>l\u2019arriv\u00e9e de\u00a0<em>la toque en cuisine<\/em>, l\u2019histoire derri\u00e8re\u00a0<em>les termes \u00ab\u00a0Dormant\u00a0\u00bb ou \u00ab\u00a0boute-hors\u00a0\u00bb<\/em>, les origines de la\u00a0<em>mayonnaise<\/em>\u00a0et bien plus encore\u2026<br \/><br \/><em>224 pages \u2022 25\u20ac TTC<\/em><\/p>\t\t\t\t\t\t\t\t<\/div>\n\t\t\t\t<\/div>\n\t\t\t\t<div class=\"elementor-element elementor-element-20a54a8 elementor-align-center elementor-widget elementor-widget-button\" data-id=\"20a54a8\" data-element_type=\"widget\" data-widget_type=\"button.default\">\n\t\t\t\t<div class=\"elementor-widget-container\">\n\t\t\t\t\t\t\t\t\t<div class=\"elementor-button-wrapper\">\n\t\t\t\t\t<a class=\"elementor-button elementor-button-link elementor-size-sm\" href=\"https:\/\/www.marabout.com\/livre\/cuisine-de-brasserie-9782501188326\/\" target=\"_blank\" rel=\"nofollow\">\n\t\t\t\t\t\t<span class=\"elementor-button-content-wrapper\">\n\t\t\t\t\t\t\t\t\t<span class=\"elementor-button-text\">Par Ici la commande !<\/span>\n\t\t\t\t\t<\/span>\n\t\t\t\t\t<\/a>\n\t\t\t\t<\/div>\n\t\t\t\t\t\t\t\t<\/div>\n\t\t\t\t<\/div>\n\t\t\t\t\t<\/div>\n\t\t<\/div>\n\t\t\t\t\t<\/div>\n\t\t<\/section>\n\t\t\t\t<\/div>\n\t\t","protected":false},"excerpt":{"rendered":"<p>On est super heureux de vous servir notre\u00a0premier bouquin :\u00a0Cuisine de Brasserie.\u00a0Nous avons mis du coeur \u00e0 l\u2019ouvrage pour vous pr\u00e9parer un\u00a0livre de recettes\u00a0\u00e0 notre image qui rec\u00e8le\u00a0plus de 70 recettes et quelques bonnes anecdotes. On esp\u00e8re que ce livre vous donnera\u00a0envie de cuisiner\u00a0puis de vous\u00a0attabler chez vous, comme chez nous ! Il est disponible [&hellip;]<\/p>\n","protected":false},"author":2,"featured_media":0,"parent":0,"menu_order":0,"comment_status":"closed","ping_status":"closed","template":"","meta":{"content-type":"","footnotes":""},"class_list":["post-5984","page","type-page","status-publish","hentry"],"_links":{"self":[{"href":"https:\/\/lanouvellegarde.com\/fr\/wp-json\/wp\/v2\/pages\/5984","targetHints":{"allow":["GET"]}}],"collection":[{"href":"https:\/\/lanouvellegarde.com\/fr\/wp-json\/wp\/v2\/pages"}],"about":[{"href":"https:\/\/lanouvellegarde.com\/fr\/wp-json\/wp\/v2\/types\/page"}],"author":[{"embeddable":true,"href":"https:\/\/lanouvellegarde.com\/fr\/wp-json\/wp\/v2\/users\/2"}],"replies":[{"embeddable":true,"href":"https:\/\/lanouvellegarde.com\/fr\/wp-json\/wp\/v2\/comments?post=5984"}],"version-history":[{"count":0,"href":"https:\/\/lanouvellegarde.com\/fr\/wp-json\/wp\/v2\/pages\/5984\/revisions"}],"wp:attachment":[{"href":"https:\/\/lanouvellegarde.com\/fr\/wp-json\/wp\/v2\/media?parent=5984"}],"curies":[{"name":"wp","href":"https:\/\/api.w.org\/{rel}","templated":true}]}}