{"id":1752,"date":"2023-07-19T15:43:01","date_gmt":"2023-07-19T13:43:01","guid":{"rendered":"https:\/\/nouvellegardegroupe.com\/?page_id=1752"},"modified":"2026-03-09T16:45:14","modified_gmt":"2026-03-09T15:45:14","slug":"grouvie","status":"publish","type":"page","link":"https:\/\/lanouvellegarde.com\/fr\/grouvie\/","title":{"rendered":"Grouvie"},"content":{"rendered":"\t\t<div data-elementor-type=\"wp-page\" data-elementor-id=\"1752\" class=\"elementor elementor-1752\" data-elementor-post-type=\"page\">\n\t\t\t\t<div class=\"elementor-element elementor-element-33853bcb e-flex e-con-boxed e-con e-parent\" data-id=\"33853bcb\" data-element_type=\"container\" data-settings=\"{&quot;background_background&quot;:&quot;classic&quot;}\">\n\t\t\t\t\t<div class=\"e-con-inner\">\n\t\t<div class=\"elementor-element elementor-element-271ff4b7 e-con-full e-flex e-con e-child\" data-id=\"271ff4b7\" data-element_type=\"container\" data-settings=\"{&quot;background_background&quot;:&quot;classic&quot;}\">\n\t\t\t\t<div class=\"elementor-element elementor-element-787c808a elementor-widget-mobile__width-initial elementor-widget elementor-widget-image\" data-id=\"787c808a\" data-element_type=\"widget\" data-widget_type=\"image.default\">\n\t\t\t\t<div class=\"elementor-widget-container\">\n\t\t\t\t\t\t\t\t\t\t\t\t\t\t\t<img fetchpriority=\"high\" decoding=\"async\" width=\"2579\" height=\"1398\" src=\"https:\/\/lanouvellegarde.com\/wp-content\/uploads\/boutons-homepage-p11.png\" class=\"attachment-full size-full wp-image-6042\" alt=\"le-logo-grouvie\" srcset=\"https:\/\/lanouvellegarde.com\/wp-content\/uploads\/boutons-homepage-p11.png 2579w, https:\/\/lanouvellegarde.com\/wp-content\/uploads\/boutons-homepage-p11-300x163.png 300w, https:\/\/lanouvellegarde.com\/wp-content\/uploads\/boutons-homepage-p11-1024x555.png 1024w, https:\/\/lanouvellegarde.com\/wp-content\/uploads\/boutons-homepage-p11-768x416.png 768w, https:\/\/lanouvellegarde.com\/wp-content\/uploads\/boutons-homepage-p11-1536x833.png 1536w, https:\/\/lanouvellegarde.com\/wp-content\/uploads\/boutons-homepage-p11-2048x1110.png 2048w, https:\/\/lanouvellegarde.com\/wp-content\/uploads\/boutons-homepage-p11-18x10.png 18w\" sizes=\"(max-width: 2579px) 100vw, 2579px\" \/>\t\t\t\t\t\t\t\t\t\t\t\t\t\t\t<\/div>\n\t\t\t\t<\/div>\n\t\t\t\t<div class=\"elementor-element elementor-element-31e3d113 elementor-widget__width-initial elementor-widget-mobile__width-inherit elementor-widget elementor-widget-text-editor\" data-id=\"31e3d113\" data-element_type=\"widget\" data-widget_type=\"text-editor.default\">\n\t\t\t\t<div class=\"elementor-widget-container\">\n\t\t\t\t\t\t\t\t\t<p>Notre bar \u00e0 cocktails d&rsquo;auteur est planqu\u00e9 au 2\u00e8me \u00e9tage de la Brasserie Des Pr\u00e9s. R\u00e9invent\u00e9s sous la houlette de Jennifer Le Nechet, championne du monde de mixologie, n<span style=\"color: var( --e-global-color-f5f79a7 ); font-family: var( --e-global-typography-text-font-family ), Sans-serif; font-style: var( --e-global-typography-text-font-style ); font-weight: var( --e-global-typography-text-font-weight ); font-size: 1rem;\">os cocktails y prennent de la hauteur. <\/span>Playlists groovy &amp; autres joyeuset\u00e9es tous les soirs.<\/p><p><strong>Ouvert tous les soirs. <b data-stringify-type=\"bold\"><i data-stringify-type=\"italic\">Entr\u00e9e libre et gratuite. <\/i><\/b><\/strong>Du lundi au samedi de 18h30 \u00e0 1h et le dimanche de 18h30 \u00e0 00h.\u00a0<\/p>\t\t\t\t\t\t\t\t<\/div>\n\t\t\t\t<\/div>\n\t\t<div class=\"elementor-element elementor-element-35d60a9 e-con-full e-flex e-con e-child\" data-id=\"35d60a9\" data-element_type=\"container\">\n\t\t\t\t<div class=\"elementor-element elementor-element-04170e4 elementor-align-center elementor-widget elementor-widget-button\" data-id=\"04170e4\" data-element_type=\"widget\" data-showme=\"formulaire-resa-form2\" data-widget_type=\"button.default\">\n\t\t\t\t<div class=\"elementor-widget-container\">\n\t\t\t\t\t\t\t\t\t<div class=\"elementor-button-wrapper\">\n\t\t\t\t\t<a class=\"elementor-button elementor-button-link elementor-size-sm\" href=\"https:\/\/book.bookingshake.com\/uwRiNAxFYS80CnKcM0MU?medium=sw\" target=\"_blank\">\n\t\t\t\t\t\t<span class=\"elementor-button-content-wrapper\">\n\t\t\t\t\t\t\t\t\t<span class=\"elementor-button-text\">Privatisation totale<\/span>\n\t\t\t\t\t<\/span>\n\t\t\t\t\t<\/a>\n\t\t\t\t<\/div>\n\t\t\t\t\t\t\t\t<\/div>\n\t\t\t\t<\/div>\n\t\t\t\t<div class=\"elementor-element elementor-element-a1188eb elementor-widget__width-initial elementor-widget-mobile__width-inherit elementor-widget elementor-widget-text-editor\" data-id=\"a1188eb\" data-element_type=\"widget\" data-widget_type=\"text-editor.default\">\n\t\t\t\t<div class=\"elementor-widget-container\">\n\t\t\t\t\t\t\t\t\t<p>Soir\u00e9es, cocktails, shootings, tournages, talks inspirants\u2026 Grouvie se pr\u00eate \u00e0 tous vos besoins !<br \/>Pour toute demande remplir le formulaire ci-dessus,<strong> privatisations totales uniquement.\u00a0<\/strong><br \/><span style=\"text-decoration: underline;\"><a href=\"https:\/\/www.canva.com\/design\/DAGywWL5cyw\/FbDJN3WbaS4l0V7exz4Bzg\/view?utm_content=DAGywWL5cyw&amp;utm_campaign=designshare&amp;utm_medium=link2&amp;utm_source=uniquelinks&amp;utlId=hffc6ab634b\" target=\"_blank\" rel=\"noopener\">Consultez ici notre brochure.<\/a><\/span><strong>\u00a0<\/strong><\/p>\t\t\t\t\t\t\t\t<\/div>\n\t\t\t\t<\/div>\n\t\t\t\t<div class=\"elementor-element elementor-element-02774cd elementor-widget__width-initial elementor-widget-mobile__width-inherit elementor-widget elementor-widget-text-editor\" data-id=\"02774cd\" data-element_type=\"widget\" data-widget_type=\"text-editor.default\">\n\t\t\t\t<div class=\"elementor-widget-container\">\n\t\t\t\t\t\t\t\t\t<div class=\"gmail_default\"><span style=\"font-family: arial, sans-serif;\"><strong>Pour les groupes de 6 \u00e0 12 personnes uniquement,<br \/><\/strong> nous proposons des r\u00e9servations dans notre salon semi-privatif situ\u00e9 c\u00f4t\u00e9 couloir, \u00e0 l\u2019\u00e9cart de la salle principale.\u00a0<\/span>Ce salon offre un cadre calme et feutr\u00e9 pour se retrouver en petit comit\u00e9. <span style=\"font-family: arial, sans-serif;\">Veuillez noter que cet espace est \u00e0 la vue des clients et \u00e0 proximit\u00e9 des toilettes du restaurant.<b><\/b><\/span><\/div><p><span style=\"font-family: arial, sans-serif;\"><span class=\"gmail_default\">Les r\u00e9servations se font\u00a0<strong>uniquement par t\u00e9l\u00e9phone au 01 42 03 44 13.<\/strong><\/span><\/span><\/p>\t\t\t\t\t\t\t\t<\/div>\n\t\t\t\t<\/div>\n\t\t\t\t<\/div>\n\t\t\t\t<\/div>\n\t\t\t\t\t<\/div>\n\t\t\t\t<\/div>\n\t\t<div class=\"elementor-element elementor-element-102b3b19 e-flex e-con-boxed e-con e-parent\" data-id=\"102b3b19\" data-element_type=\"container\">\n\t\t\t\t\t<div class=\"e-con-inner\">\n\t\t\t\t<div class=\"elementor-element elementor-element-74997f20 elementor-widget elementor-widget-image\" data-id=\"74997f20\" data-element_type=\"widget\" data-widget_type=\"image.default\">\n\t\t\t\t<div class=\"elementor-widget-container\">\n\t\t\t\t\t\t\t\t\t\t\t\t\t\t\t<img decoding=\"async\" width=\"1036\" height=\"719\" src=\"https:\/\/lanouvellegarde.com\/wp-content\/uploads\/site-grouvie.png\" class=\"attachment-full size-full wp-image-3346\" alt=\"\" srcset=\"https:\/\/lanouvellegarde.com\/wp-content\/uploads\/site-grouvie.png 1036w, https:\/\/lanouvellegarde.com\/wp-content\/uploads\/site-grouvie-300x208.png 300w, https:\/\/lanouvellegarde.com\/wp-content\/uploads\/site-grouvie-1024x711.png 1024w, https:\/\/lanouvellegarde.com\/wp-content\/uploads\/site-grouvie-768x533.png 768w, https:\/\/lanouvellegarde.com\/wp-content\/uploads\/site-grouvie-18x12.png 18w\" sizes=\"(max-width: 1036px) 100vw, 1036px\" \/>\t\t\t\t\t\t\t\t\t\t\t\t\t\t\t<\/div>\n\t\t\t\t<\/div>\n\t\t<div class=\"elementor-element elementor-element-55dbafc0 e-flex e-con-boxed e-con e-child\" data-id=\"55dbafc0\" data-element_type=\"container\">\n\t\t\t\t\t<div class=\"e-con-inner\">\n\t\t\t\t<div class=\"elementor-element elementor-element-65ae3174 elementor-widget elementor-widget-image\" data-id=\"65ae3174\" data-element_type=\"widget\" data-widget_type=\"image.default\">\n\t\t\t\t<div class=\"elementor-widget-container\">\n\t\t\t\t\t\t\t\t\t\t\t\t\t\t\t<img decoding=\"async\" width=\"1224\" height=\"219\" src=\"https:\/\/lanouvellegarde.com\/wp-content\/uploads\/La-Nouvelle-Garde-Grouvie-nos-menus.png\" class=\"attachment-full size-full wp-image-3343\" alt=\"\" srcset=\"https:\/\/lanouvellegarde.com\/wp-content\/uploads\/La-Nouvelle-Garde-Grouvie-nos-menus.png 1224w, https:\/\/lanouvellegarde.com\/wp-content\/uploads\/La-Nouvelle-Garde-Grouvie-nos-menus-300x54.png 300w, https:\/\/lanouvellegarde.com\/wp-content\/uploads\/La-Nouvelle-Garde-Grouvie-nos-menus-1024x183.png 1024w, https:\/\/lanouvellegarde.com\/wp-content\/uploads\/La-Nouvelle-Garde-Grouvie-nos-menus-768x137.png 768w, https:\/\/lanouvellegarde.com\/wp-content\/uploads\/La-Nouvelle-Garde-Grouvie-nos-menus-18x3.png 18w\" sizes=\"(max-width: 1224px) 100vw, 1224px\" \/>\t\t\t\t\t\t\t\t\t\t\t\t\t\t\t<\/div>\n\t\t\t\t<\/div>\n\t\t\t\t<div class=\"elementor-element elementor-element-7c13d1c7 elementor-align-end grow elementor-list-item-link-inline elementor-icon-list--layout-traditional elementor-widget elementor-widget-icon-list\" data-id=\"7c13d1c7\" data-element_type=\"widget\" data-widget_type=\"icon-list.default\">\n\t\t\t\t<div class=\"elementor-widget-container\">\n\t\t\t\t\t\t\t<ul class=\"elementor-icon-list-items\">\n\t\t\t\t\t\t\t<li class=\"elementor-icon-list-item\">\n\t\t\t\t\t\t\t\t\t\t\t<a href=\"https:\/\/www.canva.com\/design\/DAGcWIwsGrc\/KFzhK8LiHgTMrzOZOjZWhQ\/view?utm_content=DAGcWIwsGrc&#038;utm_campaign=designshare&#038;utm_medium=link2&#038;utm_source=uniquelinks&#038;utlId=h6ac7e0a1ac\" target=\"_blank\">\n\n\t\t\t\t\t\t\t\t\t\t\t<span class=\"elementor-icon-list-text\">Food<\/span>\n\t\t\t\t\t\t\t\t\t\t\t<\/a>\n\t\t\t\t\t\t\t\t\t<\/li>\n\t\t\t\t\t\t\t\t<li class=\"elementor-icon-list-item\">\n\t\t\t\t\t\t\t\t\t\t\t<a href=\"\/wp-content\/uploads\/Carte-Cocktails-Grouvie.pdf\" target=\"_blank\">\n\n\t\t\t\t\t\t\t\t\t\t\t<span class=\"elementor-icon-list-text\">Cocktails<\/span>\n\t\t\t\t\t\t\t\t\t\t\t<\/a>\n\t\t\t\t\t\t\t\t\t<\/li>\n\t\t\t\t\t\t<\/ul>\n\t\t\t\t\t\t<\/div>\n\t\t\t\t<\/div>\n\t\t\t\t\t<\/div>\n\t\t\t\t<\/div>\n\t\t\t\t\t<\/div>\n\t\t\t\t<\/div>\n\t\t\t\t<section class=\"elementor-section elementor-top-section elementor-element elementor-element-632c762f elementor-section-boxed elementor-section-height-default elementor-section-height-default\" data-id=\"632c762f\" data-element_type=\"section\" data-settings=\"{&quot;background_background&quot;:&quot;classic&quot;}\">\n\t\t\t\t\t\t<div class=\"elementor-container elementor-column-gap-default\">\n\t\t\t\t\t<div class=\"elementor-column elementor-col-100 elementor-top-column elementor-element elementor-element-72b196f5\" data-id=\"72b196f5\" data-element_type=\"column\">\n\t\t\t<div class=\"elementor-widget-wrap elementor-element-populated\">\n\t\t\t\t\t\t<section class=\"elementor-section elementor-inner-section elementor-element elementor-element-637c50ea elementor-section-boxed elementor-section-height-default elementor-section-height-default\" data-id=\"637c50ea\" data-element_type=\"section\">\n\t\t\t\t\t\t<div class=\"elementor-container elementor-column-gap-default\">\n\t\t\t\t\t<div class=\"elementor-column elementor-col-50 elementor-inner-column elementor-element elementor-element-4eb204cb\" data-id=\"4eb204cb\" data-element_type=\"column\">\n\t\t\t<div class=\"elementor-widget-wrap elementor-element-populated\">\n\t\t\t\t\t\t<div class=\"elementor-element elementor-element-e810b71 elementor-widget elementor-widget-image\" data-id=\"e810b71\" data-element_type=\"widget\" data-widget_type=\"image.default\">\n\t\t\t\t<div class=\"elementor-widget-container\">\n\t\t\t\t\t\t\t\t\t\t\t\t\t\t\t<img loading=\"lazy\" decoding=\"async\" width=\"1260\" height=\"1890\" src=\"https:\/\/lanouvellegarde.com\/wp-content\/uploads\/grouvie-photo-1.jpg\" class=\"attachment-full size-full wp-image-9391\" alt=\"\" srcset=\"https:\/\/lanouvellegarde.com\/wp-content\/uploads\/grouvie-photo-1.jpg 1260w, https:\/\/lanouvellegarde.com\/wp-content\/uploads\/grouvie-photo-1-200x300.jpg 200w, https:\/\/lanouvellegarde.com\/wp-content\/uploads\/grouvie-photo-1-683x1024.jpg 683w, https:\/\/lanouvellegarde.com\/wp-content\/uploads\/grouvie-photo-1-768x1152.jpg 768w, https:\/\/lanouvellegarde.com\/wp-content\/uploads\/grouvie-photo-1-1024x1536.jpg 1024w, https:\/\/lanouvellegarde.com\/wp-content\/uploads\/grouvie-photo-1-8x12.jpg 8w\" sizes=\"(max-width: 1260px) 100vw, 1260px\" \/>\t\t\t\t\t\t\t\t\t\t\t\t\t\t\t<\/div>\n\t\t\t\t<\/div>\n\t\t\t\t<div class=\"elementor-element elementor-element-31e3fc5 elementor-widget elementor-widget-image\" data-id=\"31e3fc5\" data-element_type=\"widget\" data-widget_type=\"image.default\">\n\t\t\t\t<div class=\"elementor-widget-container\">\n\t\t\t\t\t\t\t\t\t\t\t\t\t\t\t<img loading=\"lazy\" decoding=\"async\" width=\"998\" height=\"1497\" src=\"https:\/\/lanouvellegarde.com\/wp-content\/uploads\/Grouvie-lieu-photo-4.jpg\" class=\"attachment-full size-full wp-image-5143\" alt=\"Grouvie - lieu - photo 4\" srcset=\"https:\/\/lanouvellegarde.com\/wp-content\/uploads\/Grouvie-lieu-photo-4.jpg 998w, https:\/\/lanouvellegarde.com\/wp-content\/uploads\/Grouvie-lieu-photo-4-200x300.jpg 200w, https:\/\/lanouvellegarde.com\/wp-content\/uploads\/Grouvie-lieu-photo-4-683x1024.jpg 683w, https:\/\/lanouvellegarde.com\/wp-content\/uploads\/Grouvie-lieu-photo-4-768x1152.jpg 768w, https:\/\/lanouvellegarde.com\/wp-content\/uploads\/Grouvie-lieu-photo-4-8x12.jpg 8w\" sizes=\"(max-width: 998px) 100vw, 998px\" \/>\t\t\t\t\t\t\t\t\t\t\t\t\t\t\t<\/div>\n\t\t\t\t<\/div>\n\t\t\t\t\t<\/div>\n\t\t<\/div>\n\t\t\t\t<div class=\"elementor-column elementor-col-50 elementor-inner-column elementor-element elementor-element-70142e27\" data-id=\"70142e27\" data-element_type=\"column\">\n\t\t\t<div class=\"elementor-widget-wrap elementor-element-populated\">\n\t\t\t\t\t\t<div class=\"elementor-element elementor-element-619a9632 elementor-widget elementor-widget-image\" data-id=\"619a9632\" data-element_type=\"widget\" data-widget_type=\"image.default\">\n\t\t\t\t<div class=\"elementor-widget-container\">\n\t\t\t\t\t\t\t\t\t\t\t\t\t\t\t<img loading=\"lazy\" decoding=\"async\" width=\"1218\" height=\"914\" src=\"https:\/\/lanouvellegarde.com\/wp-content\/uploads\/Grouvie-lieu-photo-5.jpg\" class=\"attachment-full size-full wp-image-5144\" alt=\"Grouvie - lieu - photo 5\" srcset=\"https:\/\/lanouvellegarde.com\/wp-content\/uploads\/Grouvie-lieu-photo-5.jpg 1218w, https:\/\/lanouvellegarde.com\/wp-content\/uploads\/Grouvie-lieu-photo-5-300x225.jpg 300w, https:\/\/lanouvellegarde.com\/wp-content\/uploads\/Grouvie-lieu-photo-5-1024x768.jpg 1024w, https:\/\/lanouvellegarde.com\/wp-content\/uploads\/Grouvie-lieu-photo-5-768x576.jpg 768w, https:\/\/lanouvellegarde.com\/wp-content\/uploads\/Grouvie-lieu-photo-5-16x12.jpg 16w\" sizes=\"(max-width: 1218px) 100vw, 1218px\" \/>\t\t\t\t\t\t\t\t\t\t\t\t\t\t\t<\/div>\n\t\t\t\t<\/div>\n\t\t\t\t<div class=\"elementor-element elementor-element-9b3a72a elementor-widget elementor-widget-image\" data-id=\"9b3a72a\" data-element_type=\"widget\" data-widget_type=\"image.default\">\n\t\t\t\t<div class=\"elementor-widget-container\">\n\t\t\t\t\t\t\t\t\t\t\t\t\t\t\t<img loading=\"lazy\" decoding=\"async\" width=\"1067\" height=\"1600\" src=\"https:\/\/lanouvellegarde.com\/wp-content\/uploads\/grouvie-photo-4.jpg\" class=\"attachment-full size-full wp-image-9395\" alt=\"\" srcset=\"https:\/\/lanouvellegarde.com\/wp-content\/uploads\/grouvie-photo-4.jpg 1067w, https:\/\/lanouvellegarde.com\/wp-content\/uploads\/grouvie-photo-4-200x300.jpg 200w, https:\/\/lanouvellegarde.com\/wp-content\/uploads\/grouvie-photo-4-683x1024.jpg 683w, https:\/\/lanouvellegarde.com\/wp-content\/uploads\/grouvie-photo-4-768x1152.jpg 768w, https:\/\/lanouvellegarde.com\/wp-content\/uploads\/grouvie-photo-4-1024x1536.jpg 1024w, https:\/\/lanouvellegarde.com\/wp-content\/uploads\/grouvie-photo-4-8x12.jpg 8w\" sizes=\"(max-width: 1067px) 100vw, 1067px\" \/>\t\t\t\t\t\t\t\t\t\t\t\t\t\t\t<\/div>\n\t\t\t\t<\/div>\n\t\t\t\t<div class=\"elementor-element elementor-element-64de27c0 elementor-widget elementor-widget-image\" data-id=\"64de27c0\" data-element_type=\"widget\" data-widget_type=\"image.default\">\n\t\t\t\t<div class=\"elementor-widget-container\">\n\t\t\t\t\t\t\t\t\t\t\t\t\t\t\t<img loading=\"lazy\" decoding=\"async\" width=\"1247\" height=\"1542\" src=\"https:\/\/lanouvellegarde.com\/wp-content\/uploads\/grouvie-photo-3.jpg\" class=\"attachment-full size-full wp-image-9394\" alt=\"\" srcset=\"https:\/\/lanouvellegarde.com\/wp-content\/uploads\/grouvie-photo-3.jpg 1247w, https:\/\/lanouvellegarde.com\/wp-content\/uploads\/grouvie-photo-3-243x300.jpg 243w, https:\/\/lanouvellegarde.com\/wp-content\/uploads\/grouvie-photo-3-828x1024.jpg 828w, https:\/\/lanouvellegarde.com\/wp-content\/uploads\/grouvie-photo-3-768x950.jpg 768w, https:\/\/lanouvellegarde.com\/wp-content\/uploads\/grouvie-photo-3-1242x1536.jpg 1242w, https:\/\/lanouvellegarde.com\/wp-content\/uploads\/grouvie-photo-3-10x12.jpg 10w\" sizes=\"(max-width: 1247px) 100vw, 1247px\" \/>\t\t\t\t\t\t\t\t\t\t\t\t\t\t\t<\/div>\n\t\t\t\t<\/div>\n\t\t\t\t\t<\/div>\n\t\t<\/div>\n\t\t\t\t\t<\/div>\n\t\t<\/section>\n\t\t\t\t<div class=\"elementor-element elementor-element-8cdccd elementor-widget elementor-widget-heading\" data-id=\"8cdccd\" data-element_type=\"widget\" data-widget_type=\"heading.default\">\n\t\t\t\t<div class=\"elementor-widget-container\">\n\t\t\t\t\t<h2 class=\"elementor-heading-title elementor-size-default\">DE LA MIXOLOGIE D'AUTEUR<br>\nSWINGUE DANS LE VERRE<\/h2>\t\t\t\t<\/div>\n\t\t\t\t<\/div>\n\t\t\t\t<div class=\"elementor-element elementor-element-7b1a2714 elementor-widget__width-inherit elementor-widget elementor-widget-text-editor\" data-id=\"7b1a2714\" data-element_type=\"widget\" data-widget_type=\"text-editor.default\">\n\t\t\t\t<div class=\"elementor-widget-container\">\n\t\t\t\t\t\t\t\t\t<p class=\"p1\">S\u2019inspirant de la cuisine et de la p\u00e2tisserie de nos brasseries, Jennifer Le Nechet, championne de monde de mixologie, a imagin\u00e9 hors des sentiers battus plus de 10 cocktails aussi captivants que d\u00e9stabilisants. <span style=\"font-size: 1rem;\">Elle explore sans cesse de nouveaux chemins de la cr\u00e9ativit\u00e9 liquide.<\/span><\/p><p>Tous les soirs, plong\u00e9s dans un d\u00e9cor r\u00e9solument groovy aux teintes chaleureuses et \u00e0 l&rsquo;atmosph\u00e8re hautement intimiste comme un boudoir des temps modernes, Grouvie invite les oiseaux de nuit \u00e0 siroter et picorer au rythme d&rsquo;une playlist disco d\u00e9lirante.<\/p>\t\t\t\t\t\t\t\t<\/div>\n\t\t\t\t<\/div>\n\t\t\t\t\t<\/div>\n\t\t<\/div>\n\t\t\t\t\t<\/div>\n\t\t<\/section>\n\t\t<div class=\"elementor-element elementor-element-fe19a2f e-flex e-con-boxed e-con e-parent\" data-id=\"fe19a2f\" data-element_type=\"container\">\n\t\t\t\t\t<div class=\"e-con-inner\">\n\t\t\t\t\t<\/div>\n\t\t\t\t<\/div>\n\t\t\t\t<\/div>\n\t\t","protected":false},"excerpt":{"rendered":"<p>Notre bar \u00e0 cocktails d&rsquo;auteur est planqu\u00e9 au 2\u00e8me \u00e9tage de la Brasserie Des Pr\u00e9s. R\u00e9invent\u00e9s sous la houlette de Jennifer Le Nechet, championne du monde de mixologie, nos cocktails y prennent de la hauteur. Playlists groovy &amp; autres joyeuset\u00e9es tous les soirs. Ouvert tous les soirs. Entr\u00e9e libre et gratuite. Du lundi au samedi [&hellip;]<\/p>\n","protected":false},"author":1,"featured_media":0,"parent":0,"menu_order":0,"comment_status":"closed","ping_status":"closed","template":"","meta":{"content-type":"","footnotes":""},"class_list":["post-1752","page","type-page","status-publish","hentry"],"_links":{"self":[{"href":"https:\/\/lanouvellegarde.com\/fr\/wp-json\/wp\/v2\/pages\/1752","targetHints":{"allow":["GET"]}}],"collection":[{"href":"https:\/\/lanouvellegarde.com\/fr\/wp-json\/wp\/v2\/pages"}],"about":[{"href":"https:\/\/lanouvellegarde.com\/fr\/wp-json\/wp\/v2\/types\/page"}],"author":[{"embeddable":true,"href":"https:\/\/lanouvellegarde.com\/fr\/wp-json\/wp\/v2\/users\/1"}],"replies":[{"embeddable":true,"href":"https:\/\/lanouvellegarde.com\/fr\/wp-json\/wp\/v2\/comments?post=1752"}],"version-history":[{"count":0,"href":"https:\/\/lanouvellegarde.com\/fr\/wp-json\/wp\/v2\/pages\/1752\/revisions"}],"wp:attachment":[{"href":"https:\/\/lanouvellegarde.com\/fr\/wp-json\/wp\/v2\/media?parent=1752"}],"curies":[{"name":"wp","href":"https:\/\/api.w.org\/{rel}","templated":true}]}}