{"id":1315,"date":"2023-07-18T12:44:42","date_gmt":"2023-07-18T10:44:42","guid":{"rendered":"https:\/\/nouvellegardegroupe.com\/?page_id=1315"},"modified":"2024-03-06T16:07:16","modified_gmt":"2024-03-06T15:07:16","slug":"politique-de-confidentialite","status":"publish","type":"page","link":"https:\/\/lanouvellegarde.com\/fr\/politique-de-confidentialite\/","title":{"rendered":"Politique de confidentialit\u00e9"},"content":{"rendered":"\t\t<div data-elementor-type=\"wp-page\" data-elementor-id=\"1315\" class=\"elementor elementor-1315\" data-elementor-post-type=\"page\">\n\t\t\t\t\t\t<section class=\"elementor-section elementor-top-section elementor-element elementor-element-de6cb1f elementor-section-height-min-height elementor-section-items-top elementor-section-full_width elementor-section-height-default\" data-id=\"de6cb1f\" data-element_type=\"section\">\n\t\t\t\t\t\t<div class=\"elementor-container elementor-column-gap-default\">\n\t\t\t\t\t<div class=\"elementor-column elementor-col-50 elementor-top-column elementor-element elementor-element-3e8eff6\" data-id=\"3e8eff6\" data-element_type=\"column\">\n\t\t\t<div class=\"elementor-widget-wrap elementor-element-populated\">\n\t\t\t\t\t\t<div class=\"elementor-element elementor-element-d5b5eb6 elementor-widget elementor-widget-image\" data-id=\"d5b5eb6\" data-element_type=\"widget\" data-widget_type=\"image.default\">\n\t\t\t\t<div class=\"elementor-widget-container\">\n\t\t\t\t\t\t\t\t\t\t\t\t\t\t\t<img fetchpriority=\"high\" decoding=\"async\" width=\"1218\" height=\"914\" src=\"https:\/\/lanouvellegarde.com\/wp-content\/uploads\/Grouvie-lieu-photo-5.jpg\" class=\"attachment-full size-full wp-image-5144\" alt=\"Grouvie - lieu - photo 5\" srcset=\"http:\/\/lanouvellegarde.com\/wp-content\/uploads\/Grouvie-lieu-photo-5.jpg 1218w, http:\/\/lanouvellegarde.com\/wp-content\/uploads\/Grouvie-lieu-photo-5-300x225.jpg 300w, http:\/\/lanouvellegarde.com\/wp-content\/uploads\/Grouvie-lieu-photo-5-1024x768.jpg 1024w, http:\/\/lanouvellegarde.com\/wp-content\/uploads\/Grouvie-lieu-photo-5-768x576.jpg 768w, http:\/\/lanouvellegarde.com\/wp-content\/uploads\/Grouvie-lieu-photo-5-16x12.jpg 16w\" sizes=\"(max-width: 1218px) 100vw, 1218px\" \/>\t\t\t\t\t\t\t\t\t\t\t\t\t\t\t<\/div>\n\t\t\t\t<\/div>\n\t\t\t\t<div class=\"elementor-element elementor-element-bef8799 elementor-hidden-mobile elementor-widget elementor-widget-image\" data-id=\"bef8799\" data-element_type=\"widget\" data-widget_type=\"image.default\">\n\t\t\t\t<div class=\"elementor-widget-container\">\n\t\t\t\t\t\t\t\t\t\t\t\t\t\t\t<img decoding=\"async\" width=\"704\" height=\"939\" src=\"https:\/\/lanouvellegarde.com\/wp-content\/uploads\/Brasserie-Charlie-lieu-photo-3.jpg\" class=\"attachment-full size-full wp-image-5174\" alt=\"Brasserie-Charlie-lieu-photo-3\" srcset=\"http:\/\/lanouvellegarde.com\/wp-content\/uploads\/Brasserie-Charlie-lieu-photo-3.jpg 704w, http:\/\/lanouvellegarde.com\/wp-content\/uploads\/Brasserie-Charlie-lieu-photo-3-225x300.jpg 225w, http:\/\/lanouvellegarde.com\/wp-content\/uploads\/Brasserie-Charlie-lieu-photo-3-9x12.jpg 9w\" sizes=\"(max-width: 704px) 100vw, 704px\" \/>\t\t\t\t\t\t\t\t\t\t\t\t\t\t\t<\/div>\n\t\t\t\t<\/div>\n\t\t\t\t<div class=\"elementor-element elementor-element-6225adc elementor-hidden-mobile elementor-widget elementor-widget-image\" data-id=\"6225adc\" data-element_type=\"widget\" data-widget_type=\"image.default\">\n\t\t\t\t<div class=\"elementor-widget-container\">\n\t\t\t\t\t\t\t\t\t\t\t\t\t\t\t<img decoding=\"async\" width=\"941\" height=\"944\" src=\"https:\/\/lanouvellegarde.com\/wp-content\/uploads\/Brasserie-Campion-lieu-photo-3.jpg\" class=\"attachment-full size-full wp-image-5157\" alt=\"Brasserie-Campion-lieu-photo-3\" srcset=\"http:\/\/lanouvellegarde.com\/wp-content\/uploads\/Brasserie-Campion-lieu-photo-3.jpg 941w, http:\/\/lanouvellegarde.com\/wp-content\/uploads\/Brasserie-Campion-lieu-photo-3-300x300.jpg 300w, http:\/\/lanouvellegarde.com\/wp-content\/uploads\/Brasserie-Campion-lieu-photo-3-150x150.jpg 150w, http:\/\/lanouvellegarde.com\/wp-content\/uploads\/Brasserie-Campion-lieu-photo-3-768x770.jpg 768w, http:\/\/lanouvellegarde.com\/wp-content\/uploads\/Brasserie-Campion-lieu-photo-3-12x12.jpg 12w\" sizes=\"(max-width: 941px) 100vw, 941px\" \/>\t\t\t\t\t\t\t\t\t\t\t\t\t\t\t<\/div>\n\t\t\t\t<\/div>\n\t\t\t\t\t<\/div>\n\t\t<\/div>\n\t\t\t\t<div class=\"elementor-column elementor-col-50 elementor-top-column elementor-element elementor-element-d744774\" data-id=\"d744774\" data-element_type=\"column\">\n\t\t\t<div class=\"elementor-widget-wrap elementor-element-populated\">\n\t\t\t\t\t\t<div class=\"elementor-element elementor-element-518ef8c elementor-widget__width-initial elementor-widget elementor-widget-image\" data-id=\"518ef8c\" data-element_type=\"widget\" data-widget_type=\"image.default\">\n\t\t\t\t<div class=\"elementor-widget-container\">\n\t\t\t\t\t\t\t\t\t\t\t\t\t\t\t<img loading=\"lazy\" decoding=\"async\" width=\"1340\" height=\"1028\" src=\"https:\/\/lanouvellegarde.com\/wp-content\/uploads\/2023\/07\/La-Nouvelle-Garde-Icone-Politique-de-confidentialite.png\" class=\"attachment-full size-full wp-image-1317\" alt=\"La Nouvelle Garde - Icone Politique de confidentialit\u00e9\" srcset=\"http:\/\/lanouvellegarde.com\/wp-content\/uploads\/2023\/07\/La-Nouvelle-Garde-Icone-Politique-de-confidentialite.png 1340w, http:\/\/lanouvellegarde.com\/wp-content\/uploads\/2023\/07\/La-Nouvelle-Garde-Icone-Politique-de-confidentialite-300x230.png 300w, http:\/\/lanouvellegarde.com\/wp-content\/uploads\/2023\/07\/La-Nouvelle-Garde-Icone-Politique-de-confidentialite-1024x786.png 1024w, http:\/\/lanouvellegarde.com\/wp-content\/uploads\/2023\/07\/La-Nouvelle-Garde-Icone-Politique-de-confidentialite-768x589.png 768w\" sizes=\"(max-width: 1340px) 100vw, 1340px\" \/>\t\t\t\t\t\t\t\t\t\t\t\t\t\t\t<\/div>\n\t\t\t\t<\/div>\n\t\t\t\t<div class=\"elementor-element elementor-element-148a7ad elementor-widget elementor-widget-text-editor\" data-id=\"148a7ad\" data-element_type=\"widget\" data-widget_type=\"text-editor.default\">\n\t\t\t\t<div class=\"elementor-widget-container\">\n\t\t\t\t\t\t\t\t\t<p><strong>1- COLLECTE ET PROTECTION DES DONN\u00c9ES<\/strong><br \/>Vos donn\u00e9es sont collect\u00e9es par NOUVELLE GARDE et par ZENCHEF.<br \/>Une donn\u00e9e \u00e0 caract\u00e8re personnel d\u00e9signe toute information concernant une personne physique identifi\u00e9e ou identifiable (personne concern\u00e9e) ; est r\u00e9put\u00e9e identifiable une personne qui peut \u00eatre identifi\u00e9e, directement ou indirectement, notamment par r\u00e9f\u00e9rence \u00e0 un nom, un num\u00e9ro d\u2019identification ou \u00e0 un ou plusieurs \u00e9l\u00e9ments sp\u00e9cifiques, propres \u00e0 son identit\u00e9 physique, physiologique, g\u00e9n\u00e9tique, psychique, \u00e9conomique, culturelle ou sociale.<br \/>Les informations personnelles pouvant \u00eatre recueillies sur le site sont principalement utilis\u00e9es par l\u2019\u00e9diteur pour la gestion des relations avec vous, et le cas \u00e9ch\u00e9ant pour le traitement de vos r\u00e9servations.<br \/>Dans le cadre de son activit\u00e9, la soci\u00e9t\u00e9 NOUVELLE GARDE collecte les donn\u00e9es appartenant aux cat\u00e9gories de donn\u00e9es \u00e0 caract\u00e8re personnel suivantes :<br \/>\u2022 Noms<\/p><p>\u2022 Pr\u00e9noms<\/p><p>\u2022 Localisation<\/p><p>\u2022 Adresse<\/p><p><span style=\"color: var( --e-global-color-39c03c3 ); font-family: var( --e-global-typography-text-font-family ), Sans-serif; font-style: var( --e-global-typography-text-font-style ); font-weight: var( --e-global-typography-text-font-weight ); font-size: 1rem;\">\u2022 Terminal<\/span><\/p><p>\u2022 Donn\u00e9es de navigation<\/p><p>La soci\u00e9t\u00e9 NOUVELLE GARDE collecte les donn\u00e9es \u00e0 caract\u00e8re personnel des personnes concern\u00e9es de la mani\u00e8re suivante :<br \/>\u2022 Via Zenchef dans le cadre de toute r\u00e9servation effectu\u00e9e sur le site www.nouvellegardegroupe.com et des informations compl\u00e9t\u00e9es \u00e0 cette occasion,<br \/>\u2022 Dans le cadre des divers \u00e9changes ayant lieu avec la soci\u00e9t\u00e9 NOUVELLE GARDE (mailings, courriers, messagerie\u2026),<br \/>\u2022 Dans le cadre des services technologiques mis \u00e0 disposition des client(e)s (newsletters, formulaires en ligne\u2026)<\/p><p><strong>2- L\u2019UTILISATION DES DONN\u00c9ES<\/strong><br \/>La soci\u00e9t\u00e9 NOUVELLE GARDE utilise les donn\u00e9es \u00e0 caract\u00e8re personnel pour les objectifs principaux suivants :<br \/>\u2022 La prise en compte des r\u00e9servations pass\u00e9es sur le site via Zenchef<br \/>\u2022 La mise \u00e0 disposition des services technologiques (sites web) et marketing (newsletter)<br \/>\u2022 La gestion des services logistiques (formulaires en ligne\u2026)<br \/>Nos sous-traitants sont amen\u00e9s \u00e0 traiter les donn\u00e9es \u00e0 caract\u00e8re personnel des client(e)s de la soci\u00e9t\u00e9 NOUVELLE GARDE pour ce qui les concerne et notamment : la gestion de leur r\u00e9servation.<\/p><p><strong>3- LES DESTINATAIRES DES DONN\u00c9ES<\/strong><br \/>Au cas par cas des traitements d\u00e9crits \u00e0 l\u2019article \u00ab L\u2019utilisation des donn\u00e9es \u00bb ci-dessus, la soci\u00e9t\u00e9 NOUVELLE GARDE d\u00e9termine les destinataires des donn\u00e9es en fonction de leurs missions et de leurs habilitations \u00e0 recevoir les donn\u00e9es dans le respect des finalit\u00e9s d\u00e9termin\u00e9es.<br \/>Selon le cas, ces destinataires peuvent \u00eatre les sous-traitants auxquels la soci\u00e9t\u00e9 NOUVELLE GARDE fait appel pour toute op\u00e9ration technique, logistique au titre de la mise en \u0153uvre de mesures techniques et organisationnelles appropri\u00e9es, en particulier en termes de confidentialit\u00e9 et de s\u00e9curit\u00e9.<\/p><p><strong>4- LA DUR\u00c9E DE CONSERVATION DES DONN\u00c9ES<\/strong><br \/>La soci\u00e9t\u00e9 NOUVELLE GARDE limite la conservation des donn\u00e9es \u00e0 caract\u00e8re personnel \u00e0 une dur\u00e9e strictement n\u00e9cessaire. Au terme de la dur\u00e9e, et suivant le cas, les donn\u00e9es \u00e0 caract\u00e8re personnel font l\u2019objet dans le respect de la R\u00e8glementation applicable de l\u2019une de ces mesures :<br \/>\u2022 Suppression,<br \/>\u2022 Anonymisation irr\u00e9versible,<br \/>\u2022 Archivage.<\/p><p><strong>5- LA S\u00c9CURIT\u00c9 DES DONN\u00c9ES<\/strong><br \/>La s\u00e9curit\u00e9 des donn\u00e9es porte sur les mesures prises afin de prot\u00e9ger les donn\u00e9es des faits suivants :<br \/>\u2022 la destruction,<br \/>\u2022 la perte,<br \/>\u2022 l\u2019alt\u00e9ration,<br \/>\u2022 la divulgation non autoris\u00e9e de donn\u00e9es \u00e0 caract\u00e8re personnel transmises, conserv\u00e9es ou trait\u00e9es,<br \/>\u2022 l\u2019acc\u00e8s non autoris\u00e9 \u00e0 de telles donn\u00e9es, de mani\u00e8re accidentelle ou illicite.<br \/>Afin de garantir la s\u00e9curit\u00e9 des donn\u00e9es \u00e0 caract\u00e8re personnel, la soci\u00e9t\u00e9 NOUVELLE GARDE et ses sous-traitants mettent en \u0153uvre les mesures techniques et organisationnelles appropri\u00e9es compte tenu de l\u2019\u00e9tat des connaissances, des co\u00fbts, de la nature, de la port\u00e9e, du contexte et des finalit\u00e9s des traitements afin de garantir un niveau de s\u00e9curit\u00e9 adapt\u00e9 aux risques.<\/p><p><strong>6- LES DROITS SUR LES DONN\u00c9ES<\/strong><br \/>Chaque personne concern\u00e9e dispose des droits suivants :<br \/>\u2022 droit d\u2019acc\u00e8s \/ acc\u00e9der \u00e0 ses donn\u00e9es : la personne concern\u00e9e peut demander directement \u00e0 la soci\u00e9t\u00e9 NOUVELLE GARDE si elle d\u00e9tient des informations sur elle, et demander \u00e0 ce que lui soit communiqu\u00e9 la liste des donn\u00e9es,<br \/>\u2022 droit de rectification \/ demander leur rectification : la personne concern\u00e9e peut demander la rectification des informations inexactes la concernant. Le droit de rectification compl\u00e8te le droit d\u2019acc\u00e8s.<br \/>\u2022 droit \u00e0 l\u2019oubli \/ demander l\u2019effacement de ses donn\u00e9es : la personne concern\u00e9e peut demander l\u2019effacement des informations la concernant, pour un motif pr\u00e9vu par la R\u00e8glementation.<br \/>\u2022 droit \u00e0 la limitation \/ demander la limitation du traitement de ses donn\u00e9es : la personne concern\u00e9e peut obtenir la limitation du traitement de ses donn\u00e9es, pour un motif pr\u00e9vu par la R\u00e8glementation.<br \/>\u2022 droit \u00e0 la portabilit\u00e9 \/ demander la portabilit\u00e9 de ses donn\u00e9es : la personne concern\u00e9e peut demander \u00e0 recevoir les donn\u00e9es qu\u2019elle a fourni \u00e0 la soci\u00e9t\u00e9 NOUVELLE GARDE, ou demander \u00e0 la soci\u00e9t\u00e9 ELISE CHALMIN qu\u2019elles soient transmises \u00e0 un autre responsable de traitement pour un motif pr\u00e9vu par la R\u00e8glementation,<br \/>La personne concern\u00e9e peut \u00e9galement s\u2019opposer, pour des motifs l\u00e9gitimes, \u00e0 ce que les donn\u00e9es la concernant soient trait\u00e9es, diffus\u00e9es, transmises, conserv\u00e9es ou h\u00e9berg\u00e9es.<br \/>Pour exercer les droits, la personne concern\u00e9e peut contacter le d\u00e9l\u00e9gu\u00e9 \u00e0 la protection des donn\u00e9es de la soci\u00e9t\u00e9 NOUVELLE GARDE par email \u00e0 l\u2019adresse ondiscute@lanouvellegarde.com et par courrier \u00e0 l\u2019adresse postale 14 rue Pache, 75011 Paris.<br \/>Pour faciliter les d\u00e9marches, la soci\u00e9t\u00e9 NOUVELLE GARDE invite chaque personne concern\u00e9e, lors de l\u2019envoi d\u2019une demande d\u2019exercice des droits, \u00e0 :<br \/>\u2022 Indiquer quel(s) droit(s) elle souhaite exercer,<br \/>\u2022 Mentionner clairement ses noms \/ pr\u00e9noms \/ coordonn\u00e9es auxquels elle souhaite recevoir les r\u00e9ponses,<br \/>\u2022 Joindre une copie d\u2019une pi\u00e8ce d\u2019identit\u00e9.<\/p><p><strong>7- LE CONSENTEMENT DES PERSONNES CONCERN\u00c9ES<\/strong><br \/>Tous les traitements de donn\u00e9es \u00e0 caract\u00e8re personnel sont mis en \u0153uvre par la soci\u00e9t\u00e9 NOUVELLE GARDE dans le respect du consentement des personnes concern\u00e9es, et dans quelques cas pr\u00e9vus par la R\u00e8glementation, le consentement explicite, autrement d\u00e9nomm\u00e9 expr\u00e8s de la personne est requis.<br \/>Chaque fois que le consentement explicite de la personne est requis par la R\u00e8glementation, il est recueilli au pr\u00e9alable par la soci\u00e9t\u00e9 NOUVELLE GARDE et la personne concern\u00e9e peut \u00e0 tous moments retirer son consentement, en s\u2019adressant aux contacts vis\u00e9s ci-dessus.<\/p><p><strong>8- LES R\u00c9CLAMATIONS AUPR\u00c8S DE LA CNIL<\/strong><br \/>Chaque personne concern\u00e9e dispose du droit d\u2019introduire une r\u00e9clamation aupr\u00e8s d\u2019une autorit\u00e9 de contr\u00f4le de protection des donn\u00e9es.\u00a0<\/p><p>En France, cette autorit\u00e9 est la CNIL, voici ses coordonn\u00e9es :<br \/>\u2022 Site internet : https:\/\/www.cnil.fr\/<br \/>\u2022 T\u00e9l\u00e9phone : 01 53 73 22 22<br \/>\u2022 Adresse postale : 3, place Fontenoy TSA 80715, 75334 PARIS Cedex 07<\/p><p><strong>9- LES COOKIES<\/strong><br \/>1- Qu\u2019est-ce qu\u2019un cookie ?<br \/>Un cookie est un fichier contenant des lettres et des chiffres, stock\u00e9 sur le navigateur ou sur le disque dur de l\u2019ordinateur, du smartphone ou de la tablette d\u2019un utilisateur, si il l\u2019accepte.<br \/>La soci\u00e9t\u00e9 NOUVELLE GARDE peut utiliser des cookies au sein de ses sites webs : des fichiers stock\u00e9s temporairement ou d\u00e9finitivement sur l\u2019ordinateur, tablette ou smartphone de l\u2019utilisateur afin de le reconna\u00eetre lors de ses visites ult\u00e9rieures.<br \/>2- Pourquoi les cookies sont-ils utilis\u00e9s ?<br \/>En poursuivant la navigation sur le site www.nouvellegardegroupe.com l\u2019utilisateur a consenti \u00e0 l\u2019usage de l\u2019ensemble des cookies suivants :<br \/>\u2022 Les cookies de navigation<br \/>\u2022 Les cookies fonctionnels<br \/>\u2022 Les cookies de performance et de mesure d\u2019audience<br \/>En apprenant \u00e0 connaitre le comportement des internautes sur le site www.nouvellegardegroupe.com, la soci\u00e9t\u00e9 NOUVELLE GARDE pourra :<br \/>\u2022 \u00e9tablir des statistiques fiables de fr\u00e9quentation et des volumes de fr\u00e9quentation et d\u2019utilisation des divers \u00e9l\u00e9ments composant les sites (rubriques et contenus visit\u00e9s, parcours, etc.), lui permettant ainsi d\u2019am\u00e9liorer l\u2019int\u00e9r\u00eat et l\u2019ergonomie des services,<br \/>\u2022 d\u2019adapter la pr\u00e9sentation des sites aux pr\u00e9f\u00e9rences d\u2019affichage du terminal web ou mobile (r\u00e9solution d\u2019affichage, syst\u00e8me d\u2019exploitation utilis\u00e9, etc.) de l\u2019utilisateur lors de ses visites,<br \/>\u2022 de mettre en \u0153uvre des mesures de s\u00e9curit\u00e9.<br \/>3- Comment bloquer les cookies ?<br \/>L\u2019utilisateur peut bloquer les cookies en activant un filtre sur son navigateur de son ordinateur ou de son smartphone ou tablette. L\u2019utilisateur pourra refuser tous les cookies ou seulement certains d\u2019entre eux. Toutefois, si l\u2019utilisateur choisit de bloquer tous les cookies, certaines parties des sites Web pourraient devenir inaccessibles.<br \/>\u2022 Sur l\u2019ordinateurL\u2019utilisateur peut configurer son logiciel de navigation de mani\u00e8re \u00e0 ce que :<br \/>\u2013 les cookies soient enregistr\u00e9s dans son ordinateur ou, au contraire, qu\u2019ils soient rejet\u00e9s syst\u00e9matiquement ou selon leur \u00e9metteur,<br \/>OU<br \/>\u2013 l \u2018acceptation ou le refus des cookies puisse \u00eatre propos\u00e9s ponctuellement, avant qu\u2019un cookie soit susceptible d\u2019\u00eatre enregistr\u00e9 dans son terminal.<\/p><p><strong>10- LES MODIFICATIONS DE LA POLITIQUE G\u00c9N\u00c9RALE DE PROTECTION DES DONN\u00c9ES<\/strong><br \/>La politique de protection des donn\u00e9es est susceptible d\u2019\u00e9voluer. En cas d\u2019\u00e9volution des \u00e9l\u00e9ments mentionn\u00e9s dans la politique de confidentialit\u00e9, la soci\u00e9t\u00e9 NOUVELLE GARDE s\u2019engage \u00e0 la modifier et \u00e0 en informer les personnes concern\u00e9es, pr\u00e9alablement \u00e0 la mise en \u0153uvre des modifications qui pourraient impacter les donn\u00e9es \u00e0 caract\u00e8re personnel.<br \/>La soci\u00e9t\u00e9 NOUVELLE GARDE s\u2019efforcera d\u2019indiquer quels impacts impliqueront ces modifications.<\/p><p><strong>11- QUESTIONS ET COMMENTAIRES : NOUS CONTACTER<\/strong><br \/>Si vous avez des questions, commentaires et pr\u00e9occupations s\u2019agissant de cette politique, contactez notre d\u00e9l\u00e9gu\u00e9 \u00e0 la protection des donn\u00e9es, joignable par email : ondiscute@lanouvellegarde.com ou par courrier : NOUVELLE GARDE, 14 rue Pache, 75011 Paris.<\/p>\t\t\t\t\t\t\t\t<\/div>\n\t\t\t\t<\/div>\n\t\t\t\t\t<\/div>\n\t\t<\/div>\n\t\t\t\t\t<\/div>\n\t\t<\/section>\n\t\t\t\t<\/div>\n\t\t","protected":false},"excerpt":{"rendered":"<p>1- COLLECTE ET PROTECTION DES DONN\u00c9ESVos donn\u00e9es sont collect\u00e9es par NOUVELLE GARDE et par ZENCHEF.Une donn\u00e9e \u00e0 caract\u00e8re personnel d\u00e9signe toute information concernant une personne physique identifi\u00e9e ou identifiable (personne concern\u00e9e) ; est r\u00e9put\u00e9e identifiable une personne qui peut \u00eatre identifi\u00e9e, directement ou indirectement, notamment par r\u00e9f\u00e9rence \u00e0 un nom, un num\u00e9ro d\u2019identification ou \u00e0 [&hellip;]<\/p>\n","protected":false},"author":1,"featured_media":0,"parent":0,"menu_order":0,"comment_status":"closed","ping_status":"closed","template":"","meta":{"content-type":"","footnotes":""},"class_list":["post-1315","page","type-page","status-publish","hentry"],"_links":{"self":[{"href":"https:\/\/lanouvellegarde.com\/fr\/wp-json\/wp\/v2\/pages\/1315","targetHints":{"allow":["GET"]}}],"collection":[{"href":"https:\/\/lanouvellegarde.com\/fr\/wp-json\/wp\/v2\/pages"}],"about":[{"href":"https:\/\/lanouvellegarde.com\/fr\/wp-json\/wp\/v2\/types\/page"}],"author":[{"embeddable":true,"href":"https:\/\/lanouvellegarde.com\/fr\/wp-json\/wp\/v2\/users\/1"}],"replies":[{"embeddable":true,"href":"https:\/\/lanouvellegarde.com\/fr\/wp-json\/wp\/v2\/comments?post=1315"}],"version-history":[{"count":0,"href":"https:\/\/lanouvellegarde.com\/fr\/wp-json\/wp\/v2\/pages\/1315\/revisions"}],"wp:attachment":[{"href":"https:\/\/lanouvellegarde.com\/fr\/wp-json\/wp\/v2\/media?parent=1315"}],"curies":[{"name":"wp","href":"https:\/\/api.w.org\/{rel}","templated":true}]}}