{"id":8772,"date":"2026-01-21T09:43:57","date_gmt":"2026-01-21T08:43:57","guid":{"rendered":"https:\/\/lanouvellegarde.com\/?page_id=8772"},"modified":"2026-03-09T11:17:38","modified_gmt":"2026-03-09T10:17:38","slug":"brasserie-olivia","status":"publish","type":"page","link":"https:\/\/lanouvellegarde.com\/en\/brasserie-olivia\/","title":{"rendered":"Brasserie Olivia"},"content":{"rendered":"<div data-elementor-type=\"wp-page\" data-elementor-id=\"8772\" class=\"elementor elementor-8772\" data-elementor-post-type=\"page\">\n\t\t\t\t\t\t<section class=\"elementor-section elementor-top-section elementor-element elementor-element-eb34782 elementor-section-full_width elementor-section-height-default elementor-section-height-default\" data-id=\"eb34782\" data-element_type=\"section\" data-settings=\"{&quot;background_background&quot;:&quot;classic&quot;}\">\n\t\t\t\t\t\t<div class=\"elementor-container elementor-column-gap-default\">\n\t\t\t\t\t<div class=\"elementor-column elementor-col-100 elementor-top-column elementor-element elementor-element-2d9601f\" data-id=\"2d9601f\" data-element_type=\"column\">\n\t\t\t<div class=\"elementor-widget-wrap elementor-element-populated\">\n\t\t\t\t\t\t<div class=\"elementor-element elementor-element-b91dce0 elementor-widget elementor-widget-image\" data-id=\"b91dce0\" data-element_type=\"widget\" data-widget_type=\"image.default\">\n\t\t\t\t<div class=\"elementor-widget-container\">\n\t\t\t\t\t\t\t\t\t\t\t\t\t\t\t<img fetchpriority=\"high\" decoding=\"async\" width=\"1280\" height=\"997\" src=\"https:\/\/lanouvellegarde.com\/wp-content\/uploads\/Brasserie-Olivia-10.png\" class=\"attachment-full size-full wp-image-8839\" alt=\"\" srcset=\"https:\/\/lanouvellegarde.com\/wp-content\/uploads\/Brasserie-Olivia-10.png 1280w, https:\/\/lanouvellegarde.com\/wp-content\/uploads\/Brasserie-Olivia-10-300x234.png 300w, https:\/\/lanouvellegarde.com\/wp-content\/uploads\/Brasserie-Olivia-10-1024x798.png 1024w, https:\/\/lanouvellegarde.com\/wp-content\/uploads\/Brasserie-Olivia-10-768x598.png 768w, https:\/\/lanouvellegarde.com\/wp-content\/uploads\/Brasserie-Olivia-10-15x12.png 15w\" sizes=\"(max-width: 1280px) 100vw, 1280px\" \/>\t\t\t\t\t\t\t\t\t\t\t\t\t\t\t<\/div>\n\t\t\t\t<\/div>\n\t\t\t\t<div class=\"elementor-element elementor-element-e1f9443 elementor-widget__width-initial elementor-widget elementor-widget-text-editor\" data-id=\"e1f9443\" data-element_type=\"widget\" data-widget_type=\"text-editor.default\">\n\t\t\t\t<div class=\"elementor-widget-container\">\n\t\t\t\t\t\t\t\t\t<p class=\"translation-block\">Brasserie Olivia will open in London in<strong> spring\/summer 2026.<\/strong>  True to the spirit of French restaurants, it champions generous, local and homemade cuisine, the taste of well-prepared produce, and the simple pleasure of eating and drinking together.<\/p><p class=\"translation-block\"><span dir=\"ltr\" role=\"presentation\"><br><\/span><span dir=\"ltr\" role=\"presentation\">Nestled  <strong>in the\u00a0heart of Chelsea,<\/strong> Brasserie Olivia invites long lunches, late dinners, and the quiet joy of sitting down together. Born from the spirit of\u00a0classic French brasseries\u00a0and shaped by\u00a0<strong>La Nouvelle Garde\u2019s <\/strong>contemporary vision, <strong>Brasserie Olivia brings a taste of Paris to London.<\/strong><\/p>\t\t\t\t\t\t\t\t<\/div>\n\t\t\t\t<\/div>\n\t\t<div class=\"elementor-element elementor-element-24e5e0f e-flex e-con-boxed e-con e-parent\" data-id=\"24e5e0f\" data-element_type=\"container\">\n\t\t\t\t\t<div class=\"e-con-inner\">\n\t\t<div class=\"elementor-element elementor-element-89b6aeb e-grid e-con-full e-con e-child\" data-id=\"89b6aeb\" data-element_type=\"container\" data-settings=\"{&quot;background_background&quot;:&quot;classic&quot;}\">\n\t\t\t\t<div class=\"elementor-element elementor-element-ef9e244 elementor-widget elementor-widget-text-editor\" data-id=\"ef9e244\" data-element_type=\"widget\" data-widget_type=\"text-editor.default\">\n\t\t\t\t<div class=\"elementor-widget-container\">\n\t\t\t\t\t\t\t\t\t<p class=\"p1\"><strong><span dir=\"ltr\" role=\"presentation\">Our newsletter :\u00a0<\/span><\/strong><\/p><p>If you\u2019d like to stay updated on our exciting London adventure (opening news, early access, etc.), sign up!<\/p>\t\t\t\t\t\t\t\t<\/div>\n\t\t\t\t<\/div>\n\t\t\t\t<div class=\"elementor-element elementor-element-6951260 elementor-widget elementor-widget-image\" data-id=\"6951260\" data-element_type=\"widget\" data-widget_type=\"image.default\">\n\t\t\t\t<div class=\"elementor-widget-container\">\n\t\t\t\t\t\t\t\t\t\t\t\t\t\t\t<img decoding=\"async\" width=\"1450\" height=\"1196\" src=\"https:\/\/lanouvellegarde.com\/wp-content\/uploads\/Embleme-Olivia.png\" class=\"attachment-full size-full wp-image-9207\" alt=\"\" srcset=\"https:\/\/lanouvellegarde.com\/wp-content\/uploads\/Embleme-Olivia.png 1450w, https:\/\/lanouvellegarde.com\/wp-content\/uploads\/Embleme-Olivia-300x247.png 300w, https:\/\/lanouvellegarde.com\/wp-content\/uploads\/Embleme-Olivia-1024x845.png 1024w, https:\/\/lanouvellegarde.com\/wp-content\/uploads\/Embleme-Olivia-768x633.png 768w, https:\/\/lanouvellegarde.com\/wp-content\/uploads\/Embleme-Olivia-15x12.png 15w\" sizes=\"(max-width: 1450px) 100vw, 1450px\" \/>\t\t\t\t\t\t\t\t\t\t\t\t\t\t\t<\/div>\n\t\t\t\t<\/div>\n\t\t\t\t<div class=\"elementor-element elementor-element-3917eff elementor-widget__width-initial elementor-button-align-stretch elementor-widget elementor-widget-form\" data-id=\"3917eff\" data-element_type=\"widget\" data-settings=\"{&quot;step_next_label&quot;:&quot;Suivant&quot;,&quot;step_previous_label&quot;:&quot;Pr\\u00e9c\\u00e9dent&quot;,&quot;button_width&quot;:&quot;100&quot;,&quot;step_type&quot;:&quot;number_text&quot;,&quot;step_icon_shape&quot;:&quot;circle&quot;}\" data-widget_type=\"form.default\">\n\t\t\t\t<div class=\"elementor-widget-container\">\n\t\t\t\t\t\t\t<form class=\"elementor-form\" method=\"post\" name=\"form-olivia\" aria-label=\"form-olivia\" action=\"\">\n\t\t\t<input type=\"hidden\" name=\"post_id\" value=\"8772\"\/>\n\t\t\t<input type=\"hidden\" name=\"form_id\" value=\"3917eff\"\/>\n\t\t\t<input type=\"hidden\" name=\"referer_title\" value=\"Brasserie Olivia - La Nouvelle Garde\" \/>\n\n\t\t\t\t\t\t\t<input type=\"hidden\" name=\"queried_id\" value=\"8772\"\/>\n\t\t\t\n\t\t\t<div class=\"elementor-form-fields-wrapper elementor-labels-\">\n\t\t\t\t\t\t\t\t<div class=\"elementor-field-type-email elementor-field-group elementor-column elementor-field-group-mail elementor-col-100\">\n\t\t\t\t\t\t\t\t\t\t\t\t<label for=\"form-field-mail\" class=\"elementor-field-label elementor-screen-only\">\n\t\t\t\t\t\t\t\tE-mail\t\t\t\t\t\t\t<\/label>\n\t\t\t\t\t\t\t\t\t\t\t\t\t\t<input size=\"1\" type=\"email\" name=\"form_fields[mail]\" id=\"form-field-mail\" class=\"elementor-field elementor-size-sm  elementor-field-textual\">\n\t\t\t\t\t\t\t\t\t\t\t<\/div>\n\t\t\t\t\t\t\t\t<div class=\"elementor-field-group elementor-column elementor-field-type-submit elementor-col-100 e-form__buttons\">\n\t\t\t\t\t<button class=\"elementor-button elementor-size-sm\" type=\"submit\">\n\t\t\t\t\t\t<span class=\"elementor-button-content-wrapper\">\n\t\t\t\t\t\t\t\t\t\t\t\t\t\t\t\t\t\t\t\t\t\t<span class=\"elementor-button-text\">Subscribe<\/span>\n\t\t\t\t\t\t\t\t\t\t\t\t\t<\/span>\n\t\t\t\t\t<\/button>\n\t\t\t\t<\/div>\n\t\t\t<\/div>\n\t\t<input type=\"hidden\" name=\"trp-form-language\" value=\"en\"\/><\/form>\n\t\t\t\t\t\t<\/div>\n\t\t\t\t<\/div>\n\t\t\t\t<\/div>\n\t\t<div class=\"elementor-element elementor-element-da6a040 e-con-full e-flex e-con e-child\" data-id=\"da6a040\" data-element_type=\"container\">\n\t\t\t\t<div class=\"elementor-element elementor-element-a4de4ac elementor-widget elementor-widget-image\" data-id=\"a4de4ac\" data-element_type=\"widget\" data-widget_type=\"image.default\">\n\t\t\t\t<div class=\"elementor-widget-container\">\n\t\t\t\t\t\t\t\t\t\t\t\t\t\t\t<img decoding=\"async\" width=\"1280\" height=\"338\" src=\"https:\/\/lanouvellegarde.com\/wp-content\/uploads\/landing-page-Olivia-Recupere-03.png\" class=\"attachment-full size-full wp-image-8841\" alt=\"\" srcset=\"https:\/\/lanouvellegarde.com\/wp-content\/uploads\/landing-page-Olivia-Recupere-03.png 1280w, https:\/\/lanouvellegarde.com\/wp-content\/uploads\/landing-page-Olivia-Recupere-03-300x79.png 300w, https:\/\/lanouvellegarde.com\/wp-content\/uploads\/landing-page-Olivia-Recupere-03-1024x270.png 1024w, https:\/\/lanouvellegarde.com\/wp-content\/uploads\/landing-page-Olivia-Recupere-03-768x203.png 768w, https:\/\/lanouvellegarde.com\/wp-content\/uploads\/landing-page-Olivia-Recupere-03-18x5.png 18w\" sizes=\"(max-width: 1280px) 100vw, 1280px\" \/>\t\t\t\t\t\t\t\t\t\t\t\t\t\t\t<\/div>\n\t\t\t\t<\/div>\n\t\t\t\t<\/div>\n\t\t<div class=\"elementor-element elementor-element-5558a6b e-grid e-con-full e-con e-child\" data-id=\"5558a6b\" data-element_type=\"container\">\n\t\t\t\t<div class=\"elementor-element elementor-element-52461ac elementor-widget elementor-widget-image\" data-id=\"52461ac\" data-element_type=\"widget\" data-widget_type=\"image.default\">\n\t\t\t\t<div class=\"elementor-widget-container\">\n\t\t\t\t\t\t\t\t\t\t\t\t\t\t\t<img loading=\"lazy\" decoding=\"async\" width=\"746\" height=\"1024\" src=\"https:\/\/lanouvellegarde.com\/wp-content\/uploads\/carte-olivia-746x1024.png\" class=\"attachment-large size-large wp-image-8840\" alt=\"\" srcset=\"https:\/\/lanouvellegarde.com\/wp-content\/uploads\/carte-olivia-746x1024.png 746w, https:\/\/lanouvellegarde.com\/wp-content\/uploads\/carte-olivia-218x300.png 218w, https:\/\/lanouvellegarde.com\/wp-content\/uploads\/carte-olivia-768x1055.png 768w, https:\/\/lanouvellegarde.com\/wp-content\/uploads\/carte-olivia-1119x1536.png 1119w, https:\/\/lanouvellegarde.com\/wp-content\/uploads\/carte-olivia-1491x2048.png 1491w, https:\/\/lanouvellegarde.com\/wp-content\/uploads\/carte-olivia-9x12.png 9w, https:\/\/lanouvellegarde.com\/wp-content\/uploads\/carte-olivia-scaled.png 1864w\" sizes=\"(max-width: 746px) 100vw, 746px\" \/>\t\t\t\t\t\t\t\t\t\t\t\t\t\t\t<\/div>\n\t\t\t\t<\/div>\n\t\t\t\t<div class=\"elementor-element elementor-element-1f6cc93 elementor-widget elementor-widget-text-editor\" data-id=\"1f6cc93\" data-element_type=\"widget\" data-widget_type=\"text-editor.default\">\n\t\t\t\t<div class=\"elementor-widget-container\">\n\t\t\t\t\t\t\t\t\t<p class=\"p1 translation-block\"><strong>SOON TO BE SERVED HERE<br><span dir=\"ltr\" role=\"presentation\">The Spirit of a\u00a0 Parisian Brasserie<\/span><\/strong><\/p><p class=\"p1\">Classic French brasserie dishes<\/p><p class=\"p1\">Generous, seasonal homemade cooking<\/p><p class=\"p1\">Seasonal, locally sourced produce<\/p><p class=\"p1\">A lively, characterful dining room<\/p><p class=\"p1\">Cocktails crafted to be enjoyed all day<\/p><p class=\"p1\">A seafood counter<\/p><p data-start=\"161\" data-end=\"427\"><span dir=\"ltr\" role=\"presentation\">180 seats inside, 70 outside. <\/span><span dir=\"ltr\" role=\"presentation\">A delightful terrace overlooking Sloane Square<\/span><\/p><p class=\"p1\"><strong>OPEN DAILY<br \/><\/strong>From breakfast through to late-night drinks<\/p><p><strong>BRASSERIE OLIVIA<\/strong><br \/>1 SLOANE SQUARE &#8211; CHELSEA, LONDON<br \/><strong><br \/><\/strong><\/p><p class=\"p1\"><strong>Follow our new british adventure on @lanouvellegarde\u00a0<\/strong><\/p>\t\t\t\t\t\t\t\t<\/div>\n\t\t\t\t<\/div>\n\t\t\t\t<\/div>\n\t\t\t\t\t<\/div>\n\t\t\t\t<\/div>\n\t\t\t\t<div class=\"elementor-element elementor-element-caa7cca elementor-widget__width-initial elementor-widget elementor-widget-text-editor\" data-id=\"caa7cca\" data-element_type=\"widget\" data-widget_type=\"text-editor.default\">\n\t\t\t\t<div class=\"elementor-widget-container\">\n\t\t\t\t\t\t\t\t\t<p class=\"translation-block\">The founders, <strong>Victor &amp; Charly,<\/strong> both came to the same conclusion : that no other institution ever expressed the art of French living as well as traditional brasseries, yet in recent years, these establishments had faded.<\/p><p class=\"translation-block\">But The Nouvelle Garde brasseries are not merely outdated restaurants but <strong>lively institutions<\/strong> where one can drink and dine in true French fashion, immersing in the vibrant Parisian lifestyle that shines from dawn until dusk.<\/p><p class=\"translation-block\">A ballet of open kitchens, a thoughtful and heartfelt cuisine delivered with flair at affordable and fair prices while remaining <strong>faithful to the essentials of Parisian brasseries,<\/strong> exhilarating atmospheres, decors flirting with the charm of old-school Paris, French most wholesome wines and local spirits; all cheerfully orchestrated by passionated industry aficionados.<\/p>\t\t\t\t\t\t\t\t<\/div>\n\t\t\t\t<\/div>\n\t\t\t\t\t<\/div>\n\t\t<\/div>\n\t\t\t\t\t<\/div>\n\t\t<\/section>\n\t\t\t\t<\/div>","protected":false},"excerpt":{"rendered":"<p>La Brasserie Olivia ouvrira \u00e0 Londres au printemps\/\u00e9t\u00e9 2026. Fid\u00e8le \u00e0 l\u2019esprit des tables fran\u00e7aises, elle d\u00e9fend une cuisine g\u00e9n\u00e9reuse, locale et faite maison, le go\u00fbt des produits bien travaill\u00e9s, et le plaisir simple de boire et manger ensemble. Install\u00e9e au c\u0153ur du quartier de Chelsea, elle invite \u00e0 prolonger le plaisir \u00e0 table : [&hellip;]<\/p>","protected":false},"author":2,"featured_media":0,"parent":0,"menu_order":0,"comment_status":"closed","ping_status":"closed","template":"","meta":{"content-type":"","footnotes":""},"class_list":["post-8772","page","type-page","status-publish","hentry"],"_links":{"self":[{"href":"https:\/\/lanouvellegarde.com\/en\/wp-json\/wp\/v2\/pages\/8772","targetHints":{"allow":["GET"]}}],"collection":[{"href":"https:\/\/lanouvellegarde.com\/en\/wp-json\/wp\/v2\/pages"}],"about":[{"href":"https:\/\/lanouvellegarde.com\/en\/wp-json\/wp\/v2\/types\/page"}],"author":[{"embeddable":true,"href":"https:\/\/lanouvellegarde.com\/en\/wp-json\/wp\/v2\/users\/2"}],"replies":[{"embeddable":true,"href":"https:\/\/lanouvellegarde.com\/en\/wp-json\/wp\/v2\/comments?post=8772"}],"version-history":[{"count":0,"href":"https:\/\/lanouvellegarde.com\/en\/wp-json\/wp\/v2\/pages\/8772\/revisions"}],"wp:attachment":[{"href":"https:\/\/lanouvellegarde.com\/en\/wp-json\/wp\/v2\/media?parent=8772"}],"curies":[{"name":"wp","href":"https:\/\/api.w.org\/{rel}","templated":true}]}}