{"id":1305,"date":"2023-07-18T12:35:30","date_gmt":"2023-07-18T10:35:30","guid":{"rendered":"https:\/\/nouvellegardegroupe.com\/?page_id=1305"},"modified":"2026-03-23T17:07:45","modified_gmt":"2026-03-23T16:07:45","slug":"mentions-legales","status":"publish","type":"page","link":"https:\/\/lanouvellegarde.com\/en\/mentions-legales\/","title":{"rendered":"Mentions l\u00e9gales"},"content":{"rendered":"<div data-elementor-type=\"wp-page\" data-elementor-id=\"1305\" class=\"elementor elementor-1305\" data-elementor-post-type=\"page\">\n\t\t\t\t\t\t<section class=\"elementor-section elementor-top-section elementor-element elementor-element-de6cb1f elementor-section-height-min-height elementor-section-items-top elementor-section-full_width elementor-section-height-default\" data-id=\"de6cb1f\" data-element_type=\"section\">\n\t\t\t\t\t\t<div class=\"elementor-container elementor-column-gap-default\">\n\t\t\t\t\t<div class=\"elementor-column elementor-col-50 elementor-top-column elementor-element elementor-element-3e8eff6\" data-id=\"3e8eff6\" data-element_type=\"column\">\n\t\t\t<div class=\"elementor-widget-wrap elementor-element-populated\">\n\t\t\t\t\t\t<div class=\"elementor-element elementor-element-d5b5eb6 elementor-widget elementor-widget-image\" data-id=\"d5b5eb6\" data-element_type=\"widget\" data-widget_type=\"image.default\">\n\t\t\t\t<div class=\"elementor-widget-container\">\n\t\t\t\t\t\t\t\t\t\t\t\t\t\t\t<img fetchpriority=\"high\" decoding=\"async\" width=\"1181\" height=\"1772\" src=\"https:\/\/lanouvellegarde.com\/wp-content\/uploads\/plat-Barbotin-1.jpg\" class=\"attachment-full size-full wp-image-7079\" alt=\"plat Barbotin 1\" srcset=\"https:\/\/lanouvellegarde.com\/wp-content\/uploads\/plat-Barbotin-1.jpg 1181w, https:\/\/lanouvellegarde.com\/wp-content\/uploads\/plat-Barbotin-1-200x300.jpg 200w, https:\/\/lanouvellegarde.com\/wp-content\/uploads\/plat-Barbotin-1-682x1024.jpg 682w, https:\/\/lanouvellegarde.com\/wp-content\/uploads\/plat-Barbotin-1-768x1152.jpg 768w, https:\/\/lanouvellegarde.com\/wp-content\/uploads\/plat-Barbotin-1-1024x1536.jpg 1024w, https:\/\/lanouvellegarde.com\/wp-content\/uploads\/plat-Barbotin-1-8x12.jpg 8w\" sizes=\"(max-width: 1181px) 100vw, 1181px\" \/>\t\t\t\t\t\t\t\t\t\t\t\t\t\t\t<\/div>\n\t\t\t\t<\/div>\n\t\t\t\t\t<\/div>\n\t\t<\/div>\n\t\t\t\t<div class=\"elementor-column elementor-col-50 elementor-top-column elementor-element elementor-element-d744774\" data-id=\"d744774\" data-element_type=\"column\">\n\t\t\t<div class=\"elementor-widget-wrap elementor-element-populated\">\n\t\t\t\t\t\t<div class=\"elementor-element elementor-element-518ef8c elementor-widget__width-initial elementor-widget elementor-widget-image\" data-id=\"518ef8c\" data-element_type=\"widget\" data-widget_type=\"image.default\">\n\t\t\t\t<div class=\"elementor-widget-container\">\n\t\t\t\t\t\t\t\t\t\t\t\t\t\t\t<img decoding=\"async\" width=\"1308\" height=\"1028\" src=\"https:\/\/lanouvellegarde.com\/wp-content\/uploads\/2023\/07\/La-Nouvelle-Garde-Icone-Mentions-Legales-1.png\" class=\"attachment-full size-full wp-image-1308\" alt=\"La Nouvelle Garde - Icone Mentions L\u00e9gales\" srcset=\"https:\/\/lanouvellegarde.com\/wp-content\/uploads\/2023\/07\/La-Nouvelle-Garde-Icone-Mentions-Legales-1.png 1308w, https:\/\/lanouvellegarde.com\/wp-content\/uploads\/2023\/07\/La-Nouvelle-Garde-Icone-Mentions-Legales-1-300x236.png 300w, https:\/\/lanouvellegarde.com\/wp-content\/uploads\/2023\/07\/La-Nouvelle-Garde-Icone-Mentions-Legales-1-1024x805.png 1024w, https:\/\/lanouvellegarde.com\/wp-content\/uploads\/2023\/07\/La-Nouvelle-Garde-Icone-Mentions-Legales-1-768x604.png 768w\" sizes=\"(max-width: 1308px) 100vw, 1308px\" \/>\t\t\t\t\t\t\t\t\t\t\t\t\t\t\t<\/div>\n\t\t\t\t<\/div>\n\t\t\t\t<div class=\"elementor-element elementor-element-148a7ad elementor-widget elementor-widget-text-editor\" data-id=\"148a7ad\" data-element_type=\"widget\" data-widget_type=\"text-editor.default\">\n\t\t\t\t<div class=\"elementor-widget-container\">\n\t\t\t\t\t\t\t\t\t<p><strong>\u00c9DITEUR :<\/strong><br \/>Le site web https:\/\/www.lanouvellegarde.com est d\u00e9velopp\u00e9 par <a style=\"color: #cf9200;\" href=\"https:\/\/www.lagencedesignstudio.com\">Ang\u00e9lique Damour<\/a>. Le si\u00e8ge social de Nouvelle Garde, au capital de 1000 euros, est situ\u00e9 au 14 rue Pache 75011 Paris, immatricul\u00e9e au R.C.S de Paris sous le N\u00b0 SIRET 827 559 642 00042 \u2013 N\u00b0 TVA FR22827559642 \u2013 APE 64.20Z<br \/>Le directeur de la publication est Victor Dubillot (co-fondateur de Nouvelle Garde).<br \/>Contact : ondiscute@lanouvellegarde.com<\/p><p><strong>H\u00c9BERGEUR :<\/strong><br \/>1&amp;1 IONOS7 Pace de la Gare 57200 Sarreguemines B 431 303 775 \u2013 N\u00b0 SIRET 43130377500016 Tel : 0970 808 911<\/p><p><strong>CR\u00c9DITS :<\/strong><br \/>Direction artistique : Lucie Turenne, Lou Le Bloas D\u00e9veloppement web : <a style=\"color: #cf9200;\" href=\"https:\/\/www.lagencedesignstudio.com\">Ang\u00e9lique Damour<\/a> Photographie : Guillaume Belv\u00e8ze, Guillaume Blot, Bastien Lattanzio, Joann Pai, Aurore Nguyen<\/p><p><strong>LIENS HYPERTEXTES :<\/strong><br \/>Nouvelle Garde vous autorise, \u00e0 titre non exclusif et r\u00e9vocable, \u00e0 cr\u00e9er un lien hypertexte pointant sur la page d\u2019accueil du site ou \u00e0 toute autre page du site, \u00e0 la condition que :<\/p><p>\u2022 ce lien ne puisse cr\u00e9er \u00e0 l\u2019encontre de Nouvelle Garde ou de quelconque de ses marques d\u00e9pos\u00e9es, un caract\u00e8re mensonger, faux, p\u00e9joratif, d\u00e9nigrant, contrefaisant ou pouvant porter pr\u00e9judice \u00e0 Nouvelle Garde.<\/p><p>\u2022 celui-ci ouvre une nouvelle fen\u00eatre et soit pr\u00e9sent\u00e9 de mani\u00e8re non \u00e9quivoque afin d\u2019\u00e9viter tout risque de confusion entre le site citant et le site lanouvellegarde.com. Le propri\u00e9taire du site se r\u00e9serve le droit de demander la suppression d\u2019un lien s\u2019il estime que le site source ne respecte pas les r\u00e8gles ainsi d\u00e9finies. En aucun cas la cr\u00e9ation de ce lien hypertexte ne pourra engager la responsabilit\u00e9 de Nouvelle Garde, \u00e0 quelque titre que ce soit.<\/p><p><strong>PROPRI\u00c9T\u00c9 INTELLECTUELLE :<\/strong><br \/>Sauf mention contraire, tous les \u00e9l\u00e9ments accessibles sur le site (textes, images, graphismes, logo, ic\u00f4nes, sons, logiciels, etc.) restent la propri\u00e9t\u00e9 exclusive de leurs auteurs, en ce qui concerne les droits de propri\u00e9t\u00e9 intellectuelle ou les droits d\u2019usage. La reproduction ou repr\u00e9sentation, int\u00e9grale ou partielle, des pages, des donn\u00e9es et de tout autre \u00e9l\u00e9ment constitutif au site nouvellegardegroupe.com, par quelque proc\u00e9d\u00e9 ou support que ce soit, sans autorisation pr\u00e9alable et \u00e9crite de Nouvelle Garde, est interdite (\u00e0 l\u2019exception des copies pour usage priv\u00e9 et de celles r\u00e9alis\u00e9es pour les besoins de la presse) et constitue une contrefa\u00e7on sanctionn\u00e9e par le Code de la propri\u00e9t\u00e9 intellectuelle, susceptible d\u2019engager la responsabilit\u00e9 civile et\/ou p\u00e9nale de son auteur.<\/p>\t\t\t\t\t\t\t\t<\/div>\n\t\t\t\t<\/div>\n\t\t\t\t\t<\/div>\n\t\t<\/div>\n\t\t\t\t\t<\/div>\n\t\t<\/section>\n\t\t\t\t<\/div>","protected":false},"excerpt":{"rendered":"<p>\u00c9DITEUR :Le site web https:\/\/www.lanouvellegarde.com est d\u00e9velopp\u00e9 par Ang\u00e9lique Damour. Le si\u00e8ge social de Nouvelle Garde, au capital de 1000 euros, est situ\u00e9 au 14 rue Pache 75011 Paris, immatricul\u00e9e au R.C.S de Paris sous le N\u00b0 SIRET 827 559 642 00042 \u2013 N\u00b0 TVA FR22827559642 \u2013 APE 64.20ZLe directeur de la publication est Victor [&hellip;]<\/p>","protected":false},"author":1,"featured_media":0,"parent":0,"menu_order":0,"comment_status":"closed","ping_status":"closed","template":"","meta":{"content-type":"","footnotes":""},"class_list":["post-1305","page","type-page","status-publish","hentry"],"_links":{"self":[{"href":"https:\/\/lanouvellegarde.com\/en\/wp-json\/wp\/v2\/pages\/1305","targetHints":{"allow":["GET"]}}],"collection":[{"href":"https:\/\/lanouvellegarde.com\/en\/wp-json\/wp\/v2\/pages"}],"about":[{"href":"https:\/\/lanouvellegarde.com\/en\/wp-json\/wp\/v2\/types\/page"}],"author":[{"embeddable":true,"href":"https:\/\/lanouvellegarde.com\/en\/wp-json\/wp\/v2\/users\/1"}],"replies":[{"embeddable":true,"href":"https:\/\/lanouvellegarde.com\/en\/wp-json\/wp\/v2\/comments?post=1305"}],"version-history":[{"count":0,"href":"https:\/\/lanouvellegarde.com\/en\/wp-json\/wp\/v2\/pages\/1305\/revisions"}],"wp:attachment":[{"href":"https:\/\/lanouvellegarde.com\/en\/wp-json\/wp\/v2\/media?parent=1305"}],"curies":[{"name":"wp","href":"https:\/\/api.w.org\/{rel}","templated":true}]}}